{"id":7556,"date":"2025-07-09T17:48:24","date_gmt":"2025-07-09T15:48:24","guid":{"rendered":"https:\/\/alternatives-co.com\/?page_id=7556"},"modified":"2025-07-24T08:40:06","modified_gmt":"2025-07-24T06:40:06","slug":"consolider","status":"publish","type":"page","link":"https:\/\/alternatives-co.com\/index.php\/consolider\/","title":{"rendered":"Consolider"},"content":{"rendered":"\t\t<div data-elementor-type=\"wp-page\" data-elementor-id=\"7556\" class=\"elementor elementor-7556\">\n\t\t\t\t<div class=\"elementor-element elementor-element-acc7dbe e-flex e-con-boxed syd-sticky-section-no e-con e-parent\" data-id=\"acc7dbe\" data-element_type=\"container\" data-e-type=\"container\">\n\t\t\t\t\t<div class=\"e-con-inner\">\n\t\t\t\t<div class=\"elementor-element elementor-element-c19520b syd-sticky-section-no elementor-widget elementor-widget-heading\" data-id=\"c19520b\" data-element_type=\"widget\" data-e-type=\"widget\" data-widget_type=\"heading.default\">\n\t\t\t\t\t<h2 class=\"elementor-heading-title elementor-size-default\">P\u00e9renniser les acquis et renforcer la ma\u00eetrise op\u00e9rationnelle<\/h2>\t\t\t\t<\/div>\n\t\t\t\t<div class=\"elementor-element elementor-element-03ba9e7 syd-sticky-section-no elementor-widget elementor-widget-text-editor\" data-id=\"03ba9e7\" data-element_type=\"widget\" data-e-type=\"widget\" data-widget_type=\"text-editor.default\">\n\t\t\t\t\t\t\t\t\t<p>Consolider, c\u2019est assurer que les progr\u00e8s r\u00e9alis\u00e9s s\u2019inscrivent dans la dur\u00e9e. Cela passe \u00e0 la fois par un pilotage structur\u00e9 de la <strong>performance<\/strong> et par l\u2019<strong>ancrage<\/strong> des nouvelles pratiques dans le quotidien des \u00e9quipes.\u00a0<\/p>\t\t\t\t\t\t\t\t<\/div>\n\t\t\t\t\t<\/div>\n\t\t\t\t<\/div>\n\t\t<div class=\"elementor-element elementor-element-51925ea e-grid e-con-boxed syd-sticky-section-no e-con e-parent\" data-id=\"51925ea\" data-element_type=\"container\" data-e-type=\"container\">\n\t\t\t\t\t<div class=\"e-con-inner\">\n\t\t\t\t<div class=\"elementor-element elementor-element-5e62d87 syd-sticky-section-no elementor-widget elementor-widget-text-editor\" data-id=\"5e62d87\" data-element_type=\"widget\" data-e-type=\"widget\" data-widget_type=\"text-editor.default\">\n\t\t\t\t\t\t\t\t\t<p><strong>La performance : piloter mieux, d\u00e9cider plus vite<\/strong><\/p><p>Au c\u0153ur de notre d\u00e9marche se trouve la m\u00e9thodologie du <strong>Dirigeant Augment\u00e9<sup>\u00ae<\/sup><\/strong>, un produit op\u00e9rationnel con\u00e7u pour renforcer l\u2019autonomie d\u00e9cisionnelle du dirigeant, partout et \u00e0 tout moment.<br \/>Nous mettons en \u0153uvre des outils digitaux permettant un pilotage fluide et en temps r\u00e9el :<br \/>\u2013 <strong>indicateurs cl\u00e9s (KPI)<\/strong>,<br \/>\u2013 tableaux de bord dynamiques,<br \/>\u2013 et un syst\u00e8me d\u2019<strong>aide \u00e0 la d\u00e9cision fond\u00e9 sur la donn\u00e9e<\/strong>.<br \/>Cette base instrument\u00e9e s\u2019accompagne d\u2019un travail sur la culture de la performance, avec l\u2019<strong>acculturation aux d\u00e9marches d\u2019am\u00e9lioration continue (KAIZEN)<\/strong> et la structuration d\u2019un management visuel et engageant.<br \/>Les outils mobilis\u00e9s : <strong>LEAN<\/strong>, <strong>Lean 6 Sigma<\/strong>, <strong>tableaux de bord dynamiques<\/strong>.<\/p>\t\t\t\t\t\t\t\t<\/div>\n\t\t\t\t<div class=\"elementor-element elementor-element-9a49bde syd-sticky-section-no elementor-widget elementor-widget-image\" data-id=\"9a49bde\" data-element_type=\"widget\" data-e-type=\"widget\" data-widget_type=\"image.default\">\n\t\t\t\t\t\t\t\t\t\t\t\t\t\t\t<img fetchpriority=\"high\" decoding=\"async\" width=\"550\" height=\"400\" src=\"https:\/\/alternatives-co.com\/wp-content\/uploads\/2025\/07\/getty-images-LaU3HadwEeE-unsplash-550x400.jpg\" class=\"attachment-medium-thumb size-medium-thumb wp-image-7860\" alt=\"\" \/>\t\t\t\t\t\t\t\t\t\t\t\t\t\t\t<\/div>\n\t\t\t\t\t<\/div>\n\t\t\t\t<\/div>\n\t\t<div class=\"elementor-element elementor-element-186988b e-flex e-con-boxed syd-sticky-section-no e-con e-parent\" data-id=\"186988b\" data-element_type=\"container\" data-e-type=\"container\">\n\t\t\t\t\t<div class=\"e-con-inner\">\n\t\t\t\t<div class=\"elementor-element elementor-element-55e3a99 syd-sticky-section-no elementor-widget elementor-widget-spacer\" data-id=\"55e3a99\" data-element_type=\"widget\" data-e-type=\"widget\" data-widget_type=\"spacer.default\">\n\t\t\t\t\t\t\t<div class=\"elementor-spacer\">\n\t\t\t<div class=\"elementor-spacer-inner\"><\/div>\n\t\t<\/div>\n\t\t\t\t\t\t<\/div>\n\t\t\t\t\t<\/div>\n\t\t\t\t<\/div>\n\t\t<div class=\"elementor-element elementor-element-9f6db5a e-grid e-con-boxed syd-sticky-section-no e-con e-parent\" data-id=\"9f6db5a\" data-element_type=\"container\" data-e-type=\"container\">\n\t\t\t\t\t<div class=\"e-con-inner\">\n\t\t\t\t<div class=\"elementor-element elementor-element-001902b syd-sticky-section-no elementor-widget elementor-widget-image\" data-id=\"001902b\" data-element_type=\"widget\" data-e-type=\"widget\" data-widget_type=\"image.default\">\n\t\t\t\t\t\t\t\t\t\t\t\t\t\t\t<img decoding=\"async\" width=\"550\" height=\"400\" src=\"https:\/\/alternatives-co.com\/wp-content\/uploads\/2025\/07\/getty-images-e3hcILBsuYc-unsplash-550x400.jpg\" class=\"attachment-medium-thumb size-medium-thumb wp-image-7877\" alt=\"\" \/>\t\t\t\t\t\t\t\t\t\t\t\t\t\t\t<\/div>\n\t\t\t\t<div class=\"elementor-element elementor-element-c4f78dc syd-sticky-section-no elementor-widget elementor-widget-text-editor\" data-id=\"c4f78dc\" data-element_type=\"widget\" data-e-type=\"widget\" data-widget_type=\"text-editor.default\">\n\t\t\t\t\t\t\t\t\t<p><strong>L\u2019ancrage : inscrire durablement les nouveaux r\u00e9flexes<\/strong><\/p><p>Pour que la performance tienne dans le temps, il faut enraciner les pratiques.<br \/>Nous accompagnons les dirigeants et leurs \u00e9quipes via :<br \/>\u2013 des cycles de <strong>coaching op\u00e9rationnel<\/strong> individuels et collectifs,<br \/>\u2013 la mise en place et le suivi des <strong>rituels manag\u00e9riaux<\/strong> (revues d\u2019indicateurs, points d\u2019\u00e9quipes, suivis d\u2019actions),<br \/>\u2013 et des <strong>retours d\u2019exp\u00e9rience (RETEX)<\/strong> structur\u00e9s pour capitaliser et progresser collectivement.<\/p>\t\t\t\t\t\t\t\t<\/div>\n\t\t\t\t\t<\/div>\n\t\t\t\t<\/div>\n\t\t<div class=\"elementor-element elementor-element-01eecac e-flex e-con-boxed syd-sticky-section-no e-con e-parent\" data-id=\"01eecac\" data-element_type=\"container\" data-e-type=\"container\">\n\t\t\t\t\t<div class=\"e-con-inner\">\n\t\t\t\t<div class=\"elementor-element elementor-element-05860e6 syd-sticky-section-no elementor-widget elementor-widget-spacer\" data-id=\"05860e6\" data-element_type=\"widget\" data-e-type=\"widget\" data-widget_type=\"spacer.default\">\n\t\t\t\t\t\t\t<div class=\"elementor-spacer\">\n\t\t\t<div class=\"elementor-spacer-inner\"><\/div>\n\t\t<\/div>\n\t\t\t\t\t\t<\/div>\n\t\t\t\t\t<\/div>\n\t\t\t\t<\/div>\n\t\t<div class=\"elementor-element elementor-element-7060e79 e-flex e-con-boxed syd-sticky-section-no e-con e-parent\" data-id=\"7060e79\" data-element_type=\"container\" data-e-type=\"container\">\n\t\t\t\t\t<div class=\"e-con-inner\">\n\t\t\t\t<div class=\"elementor-element elementor-element-784f114 syd-sticky-section-no elementor-widget elementor-widget-text-editor\" data-id=\"784f114\" data-element_type=\"widget\" data-e-type=\"widget\" data-widget_type=\"text-editor.default\">\n\t\t\t\t\t\t\t\t\t<p data-start=\"1965\" data-end=\"2120\">Le tout repose sur le m\u00eame fondement <strong data-start=\"2002\" data-end=\"2017\">data-driven (pilot\u00e9s par la donn\u00e9e)<\/strong>, avec des <strong data-start=\"2028\" data-end=\"2054\">indicateurs objectiv\u00e9s<\/strong> et des outils de pilotage clairs, accessibles \u00e0 tous les niveaux.<\/p><p data-start=\"2122\" data-end=\"2355\">La capacit\u00e9 du dirigeant \u00e0 <strong data-start=\"2149\" data-end=\"2208\">d\u00e9cider en toute autonomie, en tout lieu, en temps r\u00e9el<\/strong>, est l&rsquo;objectif vis\u00e9. C\u2019est l\u00e0 tout l\u2019enjeu du <strong data-start=\"2261\" data-end=\"2283\">Dirigeant Augment\u00e9<sup>\u00ae<\/sup><\/strong>\u00a0: conjuguer r\u00e9activit\u00e9, ma\u00eetrise et lucidit\u00e9 dans l\u2019action quotidienne.<\/p>\t\t\t\t\t\t\t\t<\/div>\n\t\t\t\t<div class=\"elementor-element elementor-element-83811b5 syd-sticky-section-no elementor-widget elementor-widget-spacer\" data-id=\"83811b5\" data-element_type=\"widget\" data-e-type=\"widget\" data-widget_type=\"spacer.default\">\n\t\t\t\t\t\t\t<div class=\"elementor-spacer\">\n\t\t\t<div class=\"elementor-spacer-inner\"><\/div>\n\t\t<\/div>\n\t\t\t\t\t\t<\/div>\n\t\t\t\t\t<\/div>\n\t\t\t\t<\/div>\n\t\t<div class=\"elementor-element elementor-element-4d4fbc8 e-flex e-con-boxed syd-sticky-section-no e-con e-parent\" data-id=\"4d4fbc8\" data-element_type=\"container\" data-e-type=\"container\">\n\t\t\t\t\t<div class=\"e-con-inner\">\n\t\t\t\t<div class=\"elementor-element elementor-element-3795df4 syd-sticky-section-no elementor-widget elementor-widget-heading\" data-id=\"3795df4\" data-element_type=\"widget\" data-e-type=\"widget\" data-widget_type=\"heading.default\">\n\t\t\t\t\t<h3 class=\"elementor-heading-title elementor-size-default\">Envie d'avancer ?<\/h3>\t\t\t\t<\/div>\n\t\t\t\t<div class=\"elementor-element elementor-element-1eec02a syd-sticky-section-no elementor-widget elementor-widget-wpforms\" data-id=\"1eec02a\" data-element_type=\"widget\" data-e-type=\"widget\" data-widget_type=\"wpforms.default\">\n\t\t\t\t<div class=\"elementor-widget-container\">\n\t\t\t\t\t<div class=\"wpforms-container wpforms-container-full wpforms-render-modern\" id=\"wpforms-7359\"><form id=\"wpforms-form-7359\" class=\"wpforms-validate wpforms-form wpforms-ajax-form\" data-formid=\"7359\" method=\"post\" enctype=\"multipart\/form-data\" action=\"\/index.php\/wp-json\/wp\/v2\/pages\/7556\" data-token=\"e161a8b4eef52be89bf52215a884f42a\" data-token-time=\"1777465405\"><noscript class=\"wpforms-error-noscript\">Veuillez activer JavaScript dans votre navigateur pour remplir ce formulaire.<\/noscript><div id=\"wpforms-error-noscript\" style=\"display: none;\">Veuillez activer JavaScript dans votre navigateur pour remplir ce formulaire.<\/div><div class=\"wpforms-field-container\"><div id=\"wpforms-7359-field_0-container\" class=\"wpforms-field wpforms-field-name\" data-field-id=\"0\"><fieldset><legend class=\"wpforms-field-label\">Qui \u00eates-vous ? <span class=\"wpforms-required-label\" aria-hidden=\"true\">*<\/span><\/legend><div class=\"wpforms-field-row wpforms-field-large\"><div class=\"wpforms-field-row-block wpforms-first wpforms-one-half\"><input type=\"text\" id=\"wpforms-7359-field_0\" class=\"wpforms-field-name-first wpforms-field-required\" name=\"wpforms[fields][0][first]\" aria-errormessage=\"wpforms-7359-field_0-error\" required><label for=\"wpforms-7359-field_0\" class=\"wpforms-field-sublabel after\">Pr\u00e9nom<\/label><\/div><div class=\"wpforms-field-row-block wpforms-one-half\"><input type=\"text\" id=\"wpforms-7359-field_0-last\" class=\"wpforms-field-name-last wpforms-field-required\" name=\"wpforms[fields][0][last]\" aria-errormessage=\"wpforms-7359-field_0-last-error\" required><label for=\"wpforms-7359-field_0-last\" class=\"wpforms-field-sublabel after\">Nom<\/label><\/div><\/div><\/fieldset><\/div><div id=\"wpforms-7359-field_1-container\" class=\"wpforms-field wpforms-field-email\" data-field-id=\"1\"><label class=\"wpforms-field-label\" for=\"wpforms-7359-field_1\">Email <span class=\"wpforms-required-label\" aria-hidden=\"true\">*<\/span><\/label><input type=\"email\" id=\"wpforms-7359-field_1\" class=\"wpforms-field-large wpforms-field-required\" name=\"wpforms[fields][1]\" spellcheck=\"false\" aria-errormessage=\"wpforms-7359-field_1-error\" required><\/div><div id=\"wpforms-7359-field_4-container\" class=\"wpforms-field wpforms-field-text\" data-field-id=\"4\"><label class=\"wpforms-field-label\" for=\"wpforms-7359-field_4\">Nom de l&#039;entreprise <\/label><input type=\"text\" id=\"wpforms-7359-field_4\" class=\"wpforms-field-large\" name=\"wpforms[fields][4]\" aria-errormessage=\"wpforms-7359-field_4-error\" ><\/div><div id=\"wpforms-7359-field_8-container\" class=\"wpforms-field wpforms-field-select wpforms-field-select-style-modern\" data-field-id=\"8\"><label class=\"wpforms-field-label\" for=\"wpforms-7359-field_8\">Dites nous en un peu plus sur vos objectifs ? <span class=\"wpforms-required-label\" aria-hidden=\"true\">*<\/span><\/label><select id=\"wpforms-7359-field_8\" class=\"wpforms-field-large wpforms-field-required choicesjs-select\" data-size-class=\"wpforms-field-row wpforms-field-large\" data-search-enabled=\"1\" name=\"wpforms[fields][8][]\" required=\"required\" multiple=\"multiple\"><option value=\"\" class=\"placeholder\" disabled >--- S\u00e9lectionner un choix ---<\/option><option value=\"R\u00e9soudre une probl\u00e8me\"  class=\"choice-9 depth-1\"  >R\u00e9soudre une probl\u00e8me<\/option><option value=\"Structurer pour faire face \u00e0 la croissance\"  class=\"choice-2 depth-1\"  >Structurer pour faire face \u00e0 la croissance<\/option><option value=\"Organiser pour transmettre\"  class=\"choice-7 depth-1\"  >Organiser pour transmettre<\/option><option value=\"Augmenter la productivit\u00e9\"  class=\"choice-1 depth-1\"  >Augmenter la productivit\u00e9<\/option><option value=\"Am\u00e9liorer la qualit\u00e9 et\/ou les d\u00e9lais\"  class=\"choice-3 depth-1\"  >Am\u00e9liorer la qualit\u00e9 et\/ou les d\u00e9lais<\/option><option value=\"Am\u00e9liorer la rentabilit\u00e9\"  class=\"choice-4 depth-1\"  >Am\u00e9liorer la rentabilit\u00e9<\/option><option value=\"Digitaliser mon entreprise et abandonner Excel\"  class=\"choice-8 depth-1\"  >Digitaliser mon entreprise et abandonner Excel<\/option><option value=\"R\u00e9duire les risques\"  class=\"choice-5 depth-1\"  >R\u00e9duire les risques<\/option><option value=\"Je ne sais pas le formaliser\"  class=\"choice-10 depth-1\"  >Je ne sais pas le formaliser<\/option><option value=\"Un objectif secret \u00e0 discuter ensemble\"  class=\"choice-6 depth-1\"  >Un objectif secret \u00e0 discuter ensemble<\/option><\/select><\/div><div id=\"wpforms-7359-field_2-container\" class=\"wpforms-field wpforms-field-textarea\" data-field-id=\"2\"><label class=\"wpforms-field-label\" for=\"wpforms-7359-field_2\">Question ou commentaire <span class=\"wpforms-required-label\" aria-hidden=\"true\">*<\/span><\/label><textarea id=\"wpforms-7359-field_2\" class=\"wpforms-field-medium wpforms-field-required\" name=\"wpforms[fields][2]\" aria-errormessage=\"wpforms-7359-field_2-error\" required><\/textarea><\/div>\t\t<div id=\"wpforms-7359-field_5-container\"\n\t\t\tclass=\"wpforms-field wpforms-field-text\"\n\t\t\tdata-field-type=\"text\"\n\t\t\tdata-field-id=\"5\"\n\t\t\t>\n\t\t\t<label class=\"wpforms-field-label\" for=\"wpforms-7359-field_5\" >Qui  ?<\/label>\n\t\t\t<input type=\"text\" id=\"wpforms-7359-field_5\" class=\"wpforms-field-medium\" name=\"wpforms[fields][5]\" >\n\t\t<\/div>\n\t\t<div id=\"wpforms-7359-field_3-container\" class=\"wpforms-field wpforms-field-gdpr-checkbox\" data-field-id=\"3\"><label class=\"wpforms-field-label\">Accord RGPD <span class=\"wpforms-required-label\" aria-hidden=\"true\">*<\/span><\/label><ul id=\"wpforms-7359-field_3\" class=\"wpforms-field-required\"><li class=\"choice-1\"><input type=\"checkbox\" id=\"wpforms-7359-field_3_1\" name=\"wpforms[fields][3][]\" value=\"Je consens \u00e0 ce que ce site stocke mes informations envoy\u00e9es afin qu\u2019ils puissent r\u00e9pondre \u00e0 ma requ\u00eate.\" aria-errormessage=\"wpforms-7359-field_3_1-error\" required ><label class=\"wpforms-field-label-inline\" for=\"wpforms-7359-field_3_1\">Je consens \u00e0 ce que ce site stocke mes informations envoy\u00e9es afin qu\u2019ils puissent r\u00e9pondre \u00e0 ma requ\u00eate.<\/label><\/li><\/ul><\/div><script>\n\t\t\t\t( function() {\n\t\t\t\t\tconst style = document.createElement( 'style' );\n\t\t\t\t\tstyle.appendChild( document.createTextNode( '#wpforms-7359-field_5-container { position: absolute !important; overflow: hidden !important; display: inline !important; height: 1px !important; width: 1px !important; z-index: -1000 !important; padding: 0 !important; } #wpforms-7359-field_5-container input { visibility: hidden; } #wpforms-conversational-form-page #wpforms-7359-field_5-container label { counter-increment: none; }' ) );\n\t\t\t\t\tdocument.head.appendChild( style );\n\t\t\t\t\tdocument.currentScript?.remove();\n\t\t\t\t} )();\n\t\t\t<\/script><\/div><!-- .wpforms-field-container --><div class=\"wpforms-submit-container\" ><input type=\"hidden\" name=\"wpforms[id]\" value=\"7359\"><input type=\"hidden\" name=\"page_title\" value=\"\"><input type=\"hidden\" name=\"page_url\" value=\"https:\/\/alternatives-co.com\/index.php\/wp-json\/wp\/v2\/pages\/7556\"><input type=\"hidden\" name=\"url_referer\" value=\"\"><button type=\"submit\" name=\"wpforms[submit]\" id=\"wpforms-submit-7359\" class=\"wpforms-submit\" data-alt-text=\"Sending...\" data-submit-text=\"Soumettre\" aria-live=\"assertive\" value=\"wpforms-submit\">Soumettre<\/button><img decoding=\"async\" src=\"https:\/\/alternatives-co.com\/wp-content\/plugins\/wpforms-lite\/assets\/images\/submit-spin.svg\" class=\"wpforms-submit-spinner\" style=\"display: none;\" width=\"26\" height=\"26\" alt=\"Chargement en cours\"><\/div><\/form><\/div>  <!-- .wpforms-container -->\t\t\t\t<\/div>\n\t\t\t\t<\/div>\n\t\t\t\t\t<\/div>\n\t\t\t\t<\/div>\n\t\t\t\t<\/div>\n\t\t","protected":false},"excerpt":{"rendered":"<p>P\u00e9renniser les acquis et renforcer la ma\u00eetrise op\u00e9rationnelle Consolider, c\u2019est assurer que les progr\u00e8s r\u00e9alis\u00e9s s\u2019inscrivent dans la dur\u00e9e. Cela passe \u00e0 [&hellip;]<\/p>\n","protected":false},"author":2,"featured_media":0,"parent":0,"menu_order":0,"comment_status":"closed","ping_status":"closed","template":"","meta":{"footnotes":""},"class_list":["post-7556","page","type-page","status-publish","hentry"],"_links":{"self":[{"href":"https:\/\/alternatives-co.com\/index.php\/wp-json\/wp\/v2\/pages\/7556","targetHints":{"allow":["GET"]}}],"collection":[{"href":"https:\/\/alternatives-co.com\/index.php\/wp-json\/wp\/v2\/pages"}],"about":[{"href":"https:\/\/alternatives-co.com\/index.php\/wp-json\/wp\/v2\/types\/page"}],"author":[{"embeddable":true,"href":"https:\/\/alternatives-co.com\/index.php\/wp-json\/wp\/v2\/users\/2"}],"replies":[{"embeddable":true,"href":"https:\/\/alternatives-co.com\/index.php\/wp-json\/wp\/v2\/comments?post=7556"}],"version-history":[{"count":55,"href":"https:\/\/alternatives-co.com\/index.php\/wp-json\/wp\/v2\/pages\/7556\/revisions"}],"predecessor-version":[{"id":8126,"href":"https:\/\/alternatives-co.com\/index.php\/wp-json\/wp\/v2\/pages\/7556\/revisions\/8126"}],"wp:attachment":[{"href":"https:\/\/alternatives-co.com\/index.php\/wp-json\/wp\/v2\/media?parent=7556"}],"curies":[{"name":"wp","href":"https:\/\/api.w.org\/{rel}","templated":true}]}}