{"id":7555,"date":"2025-07-09T17:48:24","date_gmt":"2025-07-09T15:48:24","guid":{"rendered":"https:\/\/alternatives-co.com\/?page_id=7555"},"modified":"2025-11-19T10:53:30","modified_gmt":"2025-11-19T09:53:30","slug":"transformer","status":"publish","type":"page","link":"https:\/\/alternatives-co.com\/index.php\/transformer\/","title":{"rendered":"Transformer"},"content":{"rendered":"\t\t<div data-elementor-type=\"wp-page\" data-elementor-id=\"7555\" class=\"elementor elementor-7555\">\n\t\t\t\t<div class=\"elementor-element elementor-element-d308c49 e-grid e-con-boxed syd-sticky-section-no e-con e-parent\" data-id=\"d308c49\" data-element_type=\"container\" data-e-type=\"container\">\n\t\t\t\t\t<div class=\"e-con-inner\">\n\t\t\t\t<div class=\"elementor-element elementor-element-0774284 syd-sticky-section-no elementor-widget elementor-widget-heading\" data-id=\"0774284\" data-element_type=\"widget\" data-e-type=\"widget\" data-widget_type=\"heading.default\">\n\t\t\t\t\t<h2 class=\"elementor-heading-title elementor-size-default\">Aligner les pratiques pour am\u00e9liorer durablement la performance\u200b<\/h2>\t\t\t\t<\/div>\n\t\t\t\t<div class=\"elementor-element elementor-element-fefd1d7 syd-sticky-section-no elementor-widget elementor-widget-text-editor\" data-id=\"fefd1d7\" data-element_type=\"widget\" data-e-type=\"widget\" data-widget_type=\"text-editor.default\">\n\t\t\t\t\t\t\t\t\t<p>Transformer, c\u2019est faire \u00e9voluer les fa\u00e7ons de faire, outiller le quotidien et ancrer de nouvelles habitudes dans les pratiques.\u00a0Nos interventions s\u2019articulent autour de trois leviers compl\u00e9mentaires : poser les fondations, fiabiliser les syst\u00e8mes, et accompagner le changement.<\/p>\t\t\t\t\t\t\t\t<\/div>\n\t\t\t\t\t<\/div>\n\t\t\t\t<\/div>\n\t\t<div class=\"elementor-element elementor-element-2b921e4 e-grid e-con-boxed syd-sticky-section-no e-con e-parent\" data-id=\"2b921e4\" data-element_type=\"container\" data-e-type=\"container\">\n\t\t\t\t\t<div class=\"e-con-inner\">\n\t\t\t\t<div class=\"elementor-element elementor-element-b140118 syd-sticky-section-no elementor-widget elementor-widget-text-editor\" data-id=\"b140118\" data-element_type=\"widget\" data-e-type=\"widget\" data-widget_type=\"text-editor.default\">\n\t\t\t\t\t\t\t\t\t<h3 style=\"text-align: left;\">Structurer la base : comprendre, partager, concevoir<\/h3>\nTout changement utile repose d\u2019abord sur une <strong>compr\u00e9hension partag\u00e9e<\/strong>.\nNous animons des <strong>workshops collaboratifs<\/strong> et mobilisons des <strong>solutions digitales<\/strong> pour \u00e9clairer les dysfonctionnements et clarifier les axes de progr\u00e8s.\n\nCes formats permettent de faire \u00e9merger une vision commune, de poser un socle rationnel et d\u2019aligner les acteurs.\t\t\t\t\t\t\t\t<\/div>\n\t\t\t\t<div class=\"elementor-element elementor-element-64ef2c3 syd-sticky-section-no elementor-widget elementor-widget-image\" data-id=\"64ef2c3\" data-element_type=\"widget\" data-e-type=\"widget\" data-widget_type=\"image.default\">\n\t\t\t\t\t\t\t\t\t\t\t\t\t\t\t<img fetchpriority=\"high\" decoding=\"async\" width=\"1024\" height=\"683\" src=\"https:\/\/alternatives-co.com\/wp-content\/uploads\/2025\/07\/getty-images-Q452nfIWinE-unsplash-1024x683.jpg\" class=\"attachment-large size-large wp-image-7644\" alt=\"\" srcset=\"https:\/\/alternatives-co.com\/wp-content\/uploads\/2025\/07\/getty-images-Q452nfIWinE-unsplash-1024x683.jpg 1024w, https:\/\/alternatives-co.com\/wp-content\/uploads\/2025\/07\/getty-images-Q452nfIWinE-unsplash-300x200.jpg 300w, https:\/\/alternatives-co.com\/wp-content\/uploads\/2025\/07\/getty-images-Q452nfIWinE-unsplash-768x512.jpg 768w, https:\/\/alternatives-co.com\/wp-content\/uploads\/2025\/07\/getty-images-Q452nfIWinE-unsplash-1536x1024.jpg 1536w, https:\/\/alternatives-co.com\/wp-content\/uploads\/2025\/07\/getty-images-Q452nfIWinE-unsplash-2048x1365.jpg 2048w, https:\/\/alternatives-co.com\/wp-content\/uploads\/2025\/07\/getty-images-Q452nfIWinE-unsplash-1000x667.jpg 1000w, https:\/\/alternatives-co.com\/wp-content\/uploads\/2025\/07\/getty-images-Q452nfIWinE-unsplash-230x153.jpg 230w, https:\/\/alternatives-co.com\/wp-content\/uploads\/2025\/07\/getty-images-Q452nfIWinE-unsplash-350x233.jpg 350w, https:\/\/alternatives-co.com\/wp-content\/uploads\/2025\/07\/getty-images-Q452nfIWinE-unsplash-480x320.jpg 480w\" sizes=\"(max-width: 1024px) 100vw, 1024px\" \/>\t\t\t\t\t\t\t\t\t\t\t\t\t\t\t<\/div>\n\t\t\t\t\t<\/div>\n\t\t\t\t<\/div>\n\t\t<div class=\"elementor-element elementor-element-5d0d525 e-flex e-con-boxed syd-sticky-section-no e-con e-parent\" data-id=\"5d0d525\" data-element_type=\"container\" data-e-type=\"container\">\n\t\t\t\t\t<div class=\"e-con-inner\">\n\t\t\t\t<div class=\"elementor-element elementor-element-519af02 syd-sticky-section-no elementor-widget elementor-widget-spacer\" data-id=\"519af02\" data-element_type=\"widget\" data-e-type=\"widget\" data-widget_type=\"spacer.default\">\n\t\t\t\t\t\t\t<div class=\"elementor-spacer\">\n\t\t\t<div class=\"elementor-spacer-inner\"><\/div>\n\t\t<\/div>\n\t\t\t\t\t\t<\/div>\n\t\t\t\t\t<\/div>\n\t\t\t\t<\/div>\n\t\t<div class=\"elementor-element elementor-element-bc9381b e-grid e-con-boxed syd-sticky-section-no e-con e-parent\" data-id=\"bc9381b\" data-element_type=\"container\" data-e-type=\"container\">\n\t\t\t\t\t<div class=\"e-con-inner\">\n\t\t\t\t<div class=\"elementor-element elementor-element-52af20b syd-sticky-section-no elementor-widget elementor-widget-image\" data-id=\"52af20b\" data-element_type=\"widget\" data-e-type=\"widget\" data-widget_type=\"image.default\">\n\t\t\t\t\t\t\t\t\t\t\t\t<figure class=\"wp-caption\">\n\t\t\t\t\t\t\t\t\t\t\t<a href=\"https:\/\/axelor.com\">\n\t\t\t\t\t\t\t<img decoding=\"async\" width=\"1618\" height=\"798\" src=\"https:\/\/alternatives-co.com\/wp-content\/uploads\/2025\/11\/Capture-decran-2025-11-19-105236.png\" class=\"attachment-2048x2048 size-2048x2048 wp-image-8223\" alt=\"\" srcset=\"https:\/\/alternatives-co.com\/wp-content\/uploads\/2025\/11\/Capture-decran-2025-11-19-105236.png 1618w, https:\/\/alternatives-co.com\/wp-content\/uploads\/2025\/11\/Capture-decran-2025-11-19-105236-300x148.png 300w, https:\/\/alternatives-co.com\/wp-content\/uploads\/2025\/11\/Capture-decran-2025-11-19-105236-1024x505.png 1024w, https:\/\/alternatives-co.com\/wp-content\/uploads\/2025\/11\/Capture-decran-2025-11-19-105236-768x379.png 768w, https:\/\/alternatives-co.com\/wp-content\/uploads\/2025\/11\/Capture-decran-2025-11-19-105236-1536x758.png 1536w, https:\/\/alternatives-co.com\/wp-content\/uploads\/2025\/11\/Capture-decran-2025-11-19-105236-1000x493.png 1000w, https:\/\/alternatives-co.com\/wp-content\/uploads\/2025\/11\/Capture-decran-2025-11-19-105236-230x113.png 230w, https:\/\/alternatives-co.com\/wp-content\/uploads\/2025\/11\/Capture-decran-2025-11-19-105236-350x173.png 350w, https:\/\/alternatives-co.com\/wp-content\/uploads\/2025\/11\/Capture-decran-2025-11-19-105236-480x237.png 480w\" sizes=\"(max-width: 1618px) 100vw, 1618px\" \/>\t\t\t\t\t\t\t\t<\/a>\n\t\t\t\t\t\t\t\t\t\t\t<figcaption class=\"widget-image-caption wp-caption-text\"><\/figcaption>\n\t\t\t\t\t\t\t\t\t\t<\/figure>\n\t\t\t\t\t\t\t\t\t<\/div>\n\t\t\t\t<div class=\"elementor-element elementor-element-260bf08 syd-sticky-section-no elementor-widget elementor-widget-text-editor\" data-id=\"260bf08\" data-element_type=\"widget\" data-e-type=\"widget\" data-widget_type=\"text-editor.default\">\n\t\t\t\t\t\t\t\t\t<h3>Outiller les op\u00e9rations : fiabiliser, standardiser, automatiser<\/h3><p>Nous mobilisons des outils adapt\u00e9s \u00e0 chaque contexte :<br \/>les m\u00e9thodes du <strong>LEAN<\/strong>, la mod\u00e9lisation des processus, les <strong>ERP<\/strong>, en particulier <a href=\"https:\/\/axelor.com\">AXELOR<\/a>, notre solution partenaire, Sage, Clipper et bien d&rsquo;autres, les outils de Business Intelligence, avec une expertise avanc\u00e9e sur <strong>Power BI<\/strong>, les automatisations et l&rsquo;exploitation op\u00e9rationnelle des <strong>IA g\u00e9n\u00e9ratives<\/strong>,\u00a0les r\u00e9f\u00e9rentiels <strong>normatifs<\/strong>,<br \/>et les d\u00e9marches de <strong>standardisation<\/strong> pour stabiliser les pratiques et fiabiliser la <strong>performance<\/strong>.<\/p>\t\t\t\t\t\t\t\t<\/div>\n\t\t\t\t\t<\/div>\n\t\t\t\t<\/div>\n\t\t<div class=\"elementor-element elementor-element-e816aba e-flex e-con-boxed syd-sticky-section-no e-con e-parent\" data-id=\"e816aba\" data-element_type=\"container\" data-e-type=\"container\">\n\t\t\t\t\t<div class=\"e-con-inner\">\n\t\t\t\t<div class=\"elementor-element elementor-element-ad779a8 syd-sticky-section-no elementor-widget elementor-widget-spacer\" data-id=\"ad779a8\" data-element_type=\"widget\" data-e-type=\"widget\" data-widget_type=\"spacer.default\">\n\t\t\t\t\t\t\t<div class=\"elementor-spacer\">\n\t\t\t<div class=\"elementor-spacer-inner\"><\/div>\n\t\t<\/div>\n\t\t\t\t\t\t<\/div>\n\t\t\t\t\t<\/div>\n\t\t\t\t<\/div>\n\t\t<div class=\"elementor-element elementor-element-ec35757 e-grid e-con-boxed syd-sticky-section-no e-con e-parent\" data-id=\"ec35757\" data-element_type=\"container\" data-e-type=\"container\">\n\t\t\t\t\t<div class=\"e-con-inner\">\n\t\t\t\t<div class=\"elementor-element elementor-element-1b2b2c1 syd-sticky-section-no elementor-widget elementor-widget-text-editor\" data-id=\"1b2b2c1\" data-element_type=\"widget\" data-e-type=\"widget\" data-widget_type=\"text-editor.default\">\n\t\t\t\t\t\t\t\t\t<h3 style=\"text-align: left;\" data-start=\"1732\" data-end=\"2244\">Accompagner le changement : faire, faire-faire, faire avec<\/h3><p style=\"text-align: justify;\" data-start=\"1732\" data-end=\"2244\">Les transformations prennent vie \u00e0 travers des projets concrets auxquels nous prenons part :<br \/>\u2013 <strong>en Assistance \u00e0 Ma\u00eetrise d\u2019Ouvrage<\/strong>,<br \/>\u2013 <strong> en Ma\u00eetrise d\u2019\u0152uvre<\/strong>,<br \/>ou encore sous forme de <strong>missions de management de transition<\/strong>, selon les enjeux.<\/p>\t\t\t\t\t\t\t\t<\/div>\n\t\t\t\t<div class=\"elementor-element elementor-element-5ae5bd3 syd-sticky-section-no elementor-widget elementor-widget-image\" data-id=\"5ae5bd3\" data-element_type=\"widget\" data-e-type=\"widget\" data-widget_type=\"image.default\">\n\t\t\t\t\t\t\t\t\t\t\t\t\t\t\t<img decoding=\"async\" width=\"900\" height=\"542\" src=\"https:\/\/alternatives-co.com\/wp-content\/uploads\/2025\/07\/Agile_flou_net_50.jpg\" class=\"attachment-large size-large wp-image-7829\" alt=\"\" srcset=\"https:\/\/alternatives-co.com\/wp-content\/uploads\/2025\/07\/Agile_flou_net_50.jpg 900w, https:\/\/alternatives-co.com\/wp-content\/uploads\/2025\/07\/Agile_flou_net_50-300x181.jpg 300w, https:\/\/alternatives-co.com\/wp-content\/uploads\/2025\/07\/Agile_flou_net_50-768x463.jpg 768w, https:\/\/alternatives-co.com\/wp-content\/uploads\/2025\/07\/Agile_flou_net_50-230x139.jpg 230w, https:\/\/alternatives-co.com\/wp-content\/uploads\/2025\/07\/Agile_flou_net_50-350x211.jpg 350w, https:\/\/alternatives-co.com\/wp-content\/uploads\/2025\/07\/Agile_flou_net_50-480x289.jpg 480w\" sizes=\"(max-width: 900px) 100vw, 900px\" \/>\t\t\t\t\t\t\t\t\t\t\t\t\t\t\t<\/div>\n\t\t\t\t\t<\/div>\n\t\t\t\t<\/div>\n\t\t<div class=\"elementor-element elementor-element-f6d582d e-flex e-con-boxed syd-sticky-section-no e-con e-parent\" data-id=\"f6d582d\" data-element_type=\"container\" data-e-type=\"container\">\n\t\t\t\t\t<div class=\"e-con-inner\">\n\t\t\t\t<div class=\"elementor-element elementor-element-c34a4d0 syd-sticky-section-no elementor-widget elementor-widget-text-editor\" data-id=\"c34a4d0\" data-element_type=\"widget\" data-e-type=\"widget\" data-widget_type=\"text-editor.default\">\n\t\t\t\t\t\t\t\t\t<p data-start=\"1732\" data-end=\"2244\">Nous mobilisons pour cela les outils de la <strong data-start=\"2074\" data-end=\"2095\">gestion de projet<\/strong>, l\u2019<strong data-start=\"2099\" data-end=\"2123\">ing\u00e9nierie<\/strong>, le <strong data-start=\"2128\" data-end=\"2145\">d\u00e9veloppement<\/strong> et l\u2019<strong data-start=\"2151\" data-end=\"2179\">int\u00e9gration informatique<\/strong>, avec un haut niveau d\u2019exigence et de proximit\u00e9 avec le terrain.<\/p><p data-start=\"2246\" data-end=\"2363\">Chaque intervention vise un <strong data-start=\"2274\" data-end=\"2294\">impact mesurable<\/strong> sur l\u2019efficacit\u00e9, l\u2019autonomie des \u00e9quipes, et la cr\u00e9ation de valeur.<\/p>\t\t\t\t\t\t\t\t<\/div>\n\t\t\t\t\t<\/div>\n\t\t\t\t<\/div>\n\t\t<div class=\"elementor-element elementor-element-88c2a50 e-flex e-con-boxed syd-sticky-section-no e-con e-parent\" data-id=\"88c2a50\" data-element_type=\"container\" data-e-type=\"container\">\n\t\t\t\t\t<div class=\"e-con-inner\">\n\t\t\t\t<div class=\"elementor-element elementor-element-27d3231 syd-sticky-section-no elementor-widget elementor-widget-spacer\" data-id=\"27d3231\" data-element_type=\"widget\" data-e-type=\"widget\" data-widget_type=\"spacer.default\">\n\t\t\t\t\t\t\t<div class=\"elementor-spacer\">\n\t\t\t<div class=\"elementor-spacer-inner\"><\/div>\n\t\t<\/div>\n\t\t\t\t\t\t<\/div>\n\t\t\t\t\t<\/div>\n\t\t\t\t<\/div>\n\t\t<div class=\"elementor-element elementor-element-55dde0e e-flex e-con-boxed syd-sticky-section-no e-con e-parent\" data-id=\"55dde0e\" data-element_type=\"container\" data-e-type=\"container\">\n\t\t\t\t\t<div class=\"e-con-inner\">\n\t\t\t\t<div class=\"elementor-element elementor-element-b619454 syd-sticky-section-no elementor-widget elementor-widget-heading\" data-id=\"b619454\" data-element_type=\"widget\" data-e-type=\"widget\" data-widget_type=\"heading.default\">\n\t\t\t\t\t<h3 class=\"elementor-heading-title elementor-size-default\">Lancer la transformation ?<\/h3>\t\t\t\t<\/div>\n\t\t\t\t<div class=\"elementor-element elementor-element-b87e817 syd-sticky-section-no elementor-widget elementor-widget-wpforms\" data-id=\"b87e817\" data-element_type=\"widget\" data-e-type=\"widget\" data-widget_type=\"wpforms.default\">\n\t\t\t\t<div class=\"elementor-widget-container\">\n\t\t\t\t\t<style id=\"wpforms-css-vars-elementor-widget-b87e817\">\n\t\t\t\t.elementor-widget-wpforms.elementor-element-b87e817 {\n\t\t\t\t--wpforms-button-border-radius: 5px;\n--wpforms-button-background-color: #73C0FE;\n\t\t\t}\n\t\t\t<\/style><div class=\"wpforms-container wpforms-container-full wpforms-render-modern\" id=\"wpforms-7359\"><form id=\"wpforms-form-7359\" class=\"wpforms-validate wpforms-form wpforms-ajax-form\" data-formid=\"7359\" method=\"post\" enctype=\"multipart\/form-data\" action=\"\/index.php\/wp-json\/wp\/v2\/pages\/7555\" data-token=\"e161a8b4eef52be89bf52215a884f42a\" data-token-time=\"1777465646\"><noscript class=\"wpforms-error-noscript\">Veuillez activer JavaScript dans votre navigateur pour remplir ce formulaire.<\/noscript><div id=\"wpforms-error-noscript\" style=\"display: none;\">Veuillez activer JavaScript dans votre navigateur pour remplir ce formulaire.<\/div><div class=\"wpforms-field-container\"><div id=\"wpforms-7359-field_0-container\" class=\"wpforms-field wpforms-field-name\" data-field-id=\"0\"><fieldset><legend class=\"wpforms-field-label\">Qui \u00eates-vous ? <span class=\"wpforms-required-label\" aria-hidden=\"true\">*<\/span><\/legend><div class=\"wpforms-field-row wpforms-field-large\"><div class=\"wpforms-field-row-block wpforms-first wpforms-one-half\"><input type=\"text\" id=\"wpforms-7359-field_0\" class=\"wpforms-field-name-first wpforms-field-required\" name=\"wpforms[fields][0][first]\" aria-errormessage=\"wpforms-7359-field_0-error\" required><label for=\"wpforms-7359-field_0\" class=\"wpforms-field-sublabel after\">Pr\u00e9nom<\/label><\/div><div class=\"wpforms-field-row-block wpforms-one-half\"><input type=\"text\" id=\"wpforms-7359-field_0-last\" class=\"wpforms-field-name-last wpforms-field-required\" name=\"wpforms[fields][0][last]\" aria-errormessage=\"wpforms-7359-field_0-last-error\" required><label for=\"wpforms-7359-field_0-last\" class=\"wpforms-field-sublabel after\">Nom<\/label><\/div><\/div><\/fieldset><\/div><div id=\"wpforms-7359-field_1-container\" class=\"wpforms-field wpforms-field-email\" data-field-id=\"1\"><label class=\"wpforms-field-label\" for=\"wpforms-7359-field_1\">Email <span class=\"wpforms-required-label\" aria-hidden=\"true\">*<\/span><\/label><input type=\"email\" id=\"wpforms-7359-field_1\" class=\"wpforms-field-large wpforms-field-required\" name=\"wpforms[fields][1]\" spellcheck=\"false\" aria-errormessage=\"wpforms-7359-field_1-error\" required><\/div><div id=\"wpforms-7359-field_4-container\" class=\"wpforms-field wpforms-field-text\" data-field-id=\"4\"><label class=\"wpforms-field-label\" for=\"wpforms-7359-field_4\">Nom de l&#039;entreprise <\/label><input type=\"text\" id=\"wpforms-7359-field_4\" class=\"wpforms-field-large\" name=\"wpforms[fields][4]\" aria-errormessage=\"wpforms-7359-field_4-error\" ><\/div>\t\t<div id=\"wpforms-7359-field_5-container\"\n\t\t\tclass=\"wpforms-field wpforms-field-text\"\n\t\t\tdata-field-type=\"text\"\n\t\t\tdata-field-id=\"5\"\n\t\t\t>\n\t\t\t<label class=\"wpforms-field-label\" for=\"wpforms-7359-field_5\" >? Nom RGPD<\/label>\n\t\t\t<input type=\"text\" id=\"wpforms-7359-field_5\" class=\"wpforms-field-medium\" name=\"wpforms[fields][5]\" >\n\t\t<\/div>\n\t\t<div id=\"wpforms-7359-field_8-container\" class=\"wpforms-field wpforms-field-select wpforms-field-select-style-modern\" data-field-id=\"8\"><label class=\"wpforms-field-label\" for=\"wpforms-7359-field_8\">Dites nous en un peu plus sur vos objectifs ? <span class=\"wpforms-required-label\" aria-hidden=\"true\">*<\/span><\/label><select id=\"wpforms-7359-field_8\" class=\"wpforms-field-large wpforms-field-required choicesjs-select\" data-size-class=\"wpforms-field-row wpforms-field-large\" data-search-enabled=\"1\" name=\"wpforms[fields][8][]\" required=\"required\" multiple=\"multiple\"><option value=\"\" class=\"placeholder\" disabled >--- S\u00e9lectionner un choix ---<\/option><option value=\"R\u00e9soudre une probl\u00e8me\"  class=\"choice-9 depth-1\"  >R\u00e9soudre une probl\u00e8me<\/option><option value=\"Structurer pour faire face \u00e0 la croissance\"  class=\"choice-2 depth-1\"  >Structurer pour faire face \u00e0 la croissance<\/option><option value=\"Organiser pour transmettre\"  class=\"choice-7 depth-1\"  >Organiser pour transmettre<\/option><option value=\"Augmenter la productivit\u00e9\"  class=\"choice-1 depth-1\"  >Augmenter la productivit\u00e9<\/option><option value=\"Am\u00e9liorer la qualit\u00e9 et\/ou les d\u00e9lais\"  class=\"choice-3 depth-1\"  >Am\u00e9liorer la qualit\u00e9 et\/ou les d\u00e9lais<\/option><option value=\"Am\u00e9liorer la rentabilit\u00e9\"  class=\"choice-4 depth-1\"  >Am\u00e9liorer la rentabilit\u00e9<\/option><option value=\"Digitaliser mon entreprise et abandonner Excel\"  class=\"choice-8 depth-1\"  >Digitaliser mon entreprise et abandonner Excel<\/option><option value=\"R\u00e9duire les risques\"  class=\"choice-5 depth-1\"  >R\u00e9duire les risques<\/option><option value=\"Je ne sais pas le formaliser\"  class=\"choice-10 depth-1\"  >Je ne sais pas le formaliser<\/option><option value=\"Un objectif secret \u00e0 discuter ensemble\"  class=\"choice-6 depth-1\"  >Un objectif secret \u00e0 discuter ensemble<\/option><\/select><\/div><div id=\"wpforms-7359-field_2-container\" class=\"wpforms-field wpforms-field-textarea\" data-field-id=\"2\"><label class=\"wpforms-field-label\" for=\"wpforms-7359-field_2\">Question ou commentaire <span class=\"wpforms-required-label\" aria-hidden=\"true\">*<\/span><\/label><textarea id=\"wpforms-7359-field_2\" class=\"wpforms-field-medium wpforms-field-required\" name=\"wpforms[fields][2]\" aria-errormessage=\"wpforms-7359-field_2-error\" required><\/textarea><\/div><div id=\"wpforms-7359-field_3-container\" class=\"wpforms-field wpforms-field-gdpr-checkbox\" data-field-id=\"3\"><label class=\"wpforms-field-label\">Accord RGPD <span class=\"wpforms-required-label\" aria-hidden=\"true\">*<\/span><\/label><ul id=\"wpforms-7359-field_3\" class=\"wpforms-field-required\"><li class=\"choice-1\"><input type=\"checkbox\" id=\"wpforms-7359-field_3_1\" name=\"wpforms[fields][3][]\" value=\"Je consens \u00e0 ce que ce site stocke mes informations envoy\u00e9es afin qu\u2019ils puissent r\u00e9pondre \u00e0 ma requ\u00eate.\" aria-errormessage=\"wpforms-7359-field_3_1-error\" required ><label class=\"wpforms-field-label-inline\" for=\"wpforms-7359-field_3_1\">Je consens \u00e0 ce que ce site stocke mes informations envoy\u00e9es afin qu\u2019ils puissent r\u00e9pondre \u00e0 ma requ\u00eate.<\/label><\/li><\/ul><\/div><script>\n\t\t\t\t( function() {\n\t\t\t\t\tconst style = document.createElement( 'style' );\n\t\t\t\t\tstyle.appendChild( document.createTextNode( '#wpforms-7359-field_5-container { position: absolute !important; overflow: hidden !important; display: inline !important; height: 1px !important; width: 1px !important; z-index: -1000 !important; padding: 0 !important; } #wpforms-7359-field_5-container input { visibility: hidden; } #wpforms-conversational-form-page #wpforms-7359-field_5-container label { counter-increment: none; }' ) );\n\t\t\t\t\tdocument.head.appendChild( style );\n\t\t\t\t\tdocument.currentScript?.remove();\n\t\t\t\t} )();\n\t\t\t<\/script><\/div><!-- .wpforms-field-container --><div class=\"wpforms-submit-container\" ><input type=\"hidden\" name=\"wpforms[id]\" value=\"7359\"><input type=\"hidden\" name=\"page_title\" value=\"\"><input type=\"hidden\" name=\"page_url\" value=\"https:\/\/alternatives-co.com\/index.php\/wp-json\/wp\/v2\/pages\/7555\"><input type=\"hidden\" name=\"url_referer\" value=\"\"><button type=\"submit\" name=\"wpforms[submit]\" id=\"wpforms-submit-7359\" class=\"wpforms-submit\" data-alt-text=\"Sending...\" data-submit-text=\"Soumettre\" aria-live=\"assertive\" value=\"wpforms-submit\">Soumettre<\/button><img loading=\"lazy\" decoding=\"async\" src=\"https:\/\/alternatives-co.com\/wp-content\/plugins\/wpforms-lite\/assets\/images\/submit-spin.svg\" class=\"wpforms-submit-spinner\" style=\"display: none;\" width=\"26\" height=\"26\" alt=\"Chargement en cours\"><\/div><\/form><\/div>  <!-- .wpforms-container -->\t\t\t\t<\/div>\n\t\t\t\t<\/div>\n\t\t\t\t\t<\/div>\n\t\t\t\t<\/div>\n\t\t\t\t<\/div>\n\t\t","protected":false},"excerpt":{"rendered":"<p>Aligner les pratiques pour am\u00e9liorer durablement la performance\u200b Transformer, c\u2019est faire \u00e9voluer les fa\u00e7ons de faire, outiller le quotidien et ancrer de [&hellip;]<\/p>\n","protected":false},"author":2,"featured_media":0,"parent":0,"menu_order":0,"comment_status":"closed","ping_status":"closed","template":"","meta":{"footnotes":""},"class_list":["post-7555","page","type-page","status-publish","hentry"],"_links":{"self":[{"href":"https:\/\/alternatives-co.com\/index.php\/wp-json\/wp\/v2\/pages\/7555","targetHints":{"allow":["GET"]}}],"collection":[{"href":"https:\/\/alternatives-co.com\/index.php\/wp-json\/wp\/v2\/pages"}],"about":[{"href":"https:\/\/alternatives-co.com\/index.php\/wp-json\/wp\/v2\/types\/page"}],"author":[{"embeddable":true,"href":"https:\/\/alternatives-co.com\/index.php\/wp-json\/wp\/v2\/users\/2"}],"replies":[{"embeddable":true,"href":"https:\/\/alternatives-co.com\/index.php\/wp-json\/wp\/v2\/comments?post=7555"}],"version-history":[{"count":64,"href":"https:\/\/alternatives-co.com\/index.php\/wp-json\/wp\/v2\/pages\/7555\/revisions"}],"predecessor-version":[{"id":8226,"href":"https:\/\/alternatives-co.com\/index.php\/wp-json\/wp\/v2\/pages\/7555\/revisions\/8226"}],"wp:attachment":[{"href":"https:\/\/alternatives-co.com\/index.php\/wp-json\/wp\/v2\/media?parent=7555"}],"curies":[{"name":"wp","href":"https:\/\/api.w.org\/{rel}","templated":true}]}}