{"id":7553,"date":"2025-07-09T17:48:24","date_gmt":"2025-07-09T15:48:24","guid":{"rendered":"https:\/\/alternatives-co.com\/?page_id=7553"},"modified":"2025-07-24T08:37:23","modified_gmt":"2025-07-24T06:37:23","slug":"decrypter","status":"publish","type":"page","link":"https:\/\/alternatives-co.com\/index.php\/decrypter\/","title":{"rendered":"D\u00e9crypter"},"content":{"rendered":"\t\t<div data-elementor-type=\"wp-page\" data-elementor-id=\"7553\" class=\"elementor elementor-7553\">\n\t\t\t\t<div class=\"elementor-element elementor-element-46b4dd5 e-grid e-con-boxed syd-sticky-section-no e-con e-parent\" data-id=\"46b4dd5\" data-element_type=\"container\" data-e-type=\"container\">\n\t\t\t\t\t<div class=\"e-con-inner\">\n\t\t\t\t<div class=\"elementor-element elementor-element-7de6d96 syd-sticky-section-no elementor-widget elementor-widget-heading\" data-id=\"7de6d96\" data-element_type=\"widget\" data-e-type=\"widget\" data-widget_type=\"heading.default\">\n\t\t\t\t\t<h2 class=\"elementor-heading-title elementor-size-default\">Eclairer la situation pour d\u00e9cider avec lucidit\u00e9\u200b\u200b<\/h2>\t\t\t\t<\/div>\n\t\t\t\t<div class=\"elementor-element elementor-element-215fbb9 syd-sticky-section-no elementor-widget elementor-widget-text-editor\" data-id=\"215fbb9\" data-element_type=\"widget\" data-e-type=\"widget\" data-widget_type=\"text-editor.default\">\n\t\t\t\t\t\t\t\t\t<p style=\"text-align: justify;\">Pour solutionner un probl\u00e8me, engager une transformation, structurer une organisation ou pr\u00e9parer une transmission, avant d&rsquo;agir, il faut savoir d\u2019o\u00f9 l\u2019on part.<\/p>\t\t\t\t\t\t\t\t<\/div>\n\t\t\t\t\t<\/div>\n\t\t\t\t<\/div>\n\t\t<div class=\"elementor-element elementor-element-8fa2b56 e-grid e-con-boxed syd-sticky-section-no e-con e-parent\" data-id=\"8fa2b56\" data-element_type=\"container\" data-e-type=\"container\">\n\t\t\t\t\t<div class=\"e-con-inner\">\n\t\t\t\t<div class=\"elementor-element elementor-element-423f78f syd-sticky-section-no elementor-widget elementor-widget-text-editor\" data-id=\"423f78f\" data-element_type=\"widget\" data-e-type=\"widget\" data-widget_type=\"text-editor.default\">\n\t\t\t\t\t\t\t\t\t<p>Nous r\u00e9alisons des diagnostics et audits approfondis, structur\u00e9s autour d\u2019une large palette de th\u00e9matiques : strat\u00e9gie, gouvernance, mod\u00e8le \u00e9conomique, organisation et processus,\u00a0 performance op\u00e9rationnelle, gestion des risques, culture manag\u00e9riale, outils num\u00e9riques, ressources humaines, qualit\u00e9, etc.<\/p><p>Nos d\u00e9marches mobilisent une combinaison d\u2019outils \u00e9prouv\u00e9s : auto-\u00e9valuations, analyses de risques, benchmarks sectoriels, analyses de causes racines, audits sur r\u00e9f\u00e9rentiels ou \u00e9valuations crois\u00e9es.<\/p><p>Ce <b>socle m\u00e9thodologique solide<\/b> nous permet de construire une lecture compl\u00e8te, hi\u00e9rarchis\u00e9e et adapt\u00e9e \u00e0 chaque contexte.<\/p>\t\t\t\t\t\t\t\t<\/div>\n\t\t\t\t<div class=\"elementor-element elementor-element-a929303 syd-sticky-section-no elementor-widget elementor-widget-image\" data-id=\"a929303\" data-element_type=\"widget\" data-e-type=\"widget\" data-widget_type=\"image.default\">\n\t\t\t\t\t\t\t\t\t\t\t\t\t\t\t<img fetchpriority=\"high\" decoding=\"async\" width=\"1024\" height=\"683\" src=\"https:\/\/alternatives-co.com\/wp-content\/uploads\/2023\/03\/ampoule-dessin-1-1024x683.jpg\" class=\"attachment-large size-large wp-image-6103\" alt=\"\" srcset=\"https:\/\/alternatives-co.com\/wp-content\/uploads\/2023\/03\/ampoule-dessin-1-1024x683.jpg 1024w, https:\/\/alternatives-co.com\/wp-content\/uploads\/2023\/03\/ampoule-dessin-1-300x200.jpg 300w, https:\/\/alternatives-co.com\/wp-content\/uploads\/2023\/03\/ampoule-dessin-1-768x512.jpg 768w, https:\/\/alternatives-co.com\/wp-content\/uploads\/2023\/03\/ampoule-dessin-1-1536x1025.jpg 1536w\" sizes=\"(max-width: 1024px) 100vw, 1024px\" \/>\t\t\t\t\t\t\t\t\t\t\t\t\t\t\t<\/div>\n\t\t\t\t\t<\/div>\n\t\t\t\t<\/div>\n\t\t<div class=\"elementor-element elementor-element-74d3314 e-flex e-con-boxed syd-sticky-section-no e-con e-parent\" data-id=\"74d3314\" data-element_type=\"container\" data-e-type=\"container\">\n\t\t\t\t\t<div class=\"e-con-inner\">\n\t\t\t\t<div class=\"elementor-element elementor-element-d8b3dfe syd-sticky-section-no elementor-widget elementor-widget-spacer\" data-id=\"d8b3dfe\" data-element_type=\"widget\" data-e-type=\"widget\" data-widget_type=\"spacer.default\">\n\t\t\t\t\t\t\t<div class=\"elementor-spacer\">\n\t\t\t<div class=\"elementor-spacer-inner\"><\/div>\n\t\t<\/div>\n\t\t\t\t\t\t<\/div>\n\t\t\t\t\t<\/div>\n\t\t\t\t<\/div>\n\t\t<div class=\"elementor-element elementor-element-735a8b1 e-grid e-con-boxed syd-sticky-section-no e-con e-parent\" data-id=\"735a8b1\" data-element_type=\"container\" data-e-type=\"container\">\n\t\t\t\t\t<div class=\"e-con-inner\">\n\t\t\t\t<div class=\"elementor-element elementor-element-b90780d syd-sticky-section-no elementor-widget elementor-widget-image\" data-id=\"b90780d\" data-element_type=\"widget\" data-e-type=\"widget\" data-widget_type=\"image.default\">\n\t\t\t\t\t\t\t\t\t\t\t\t\t\t\t<img decoding=\"async\" width=\"550\" height=\"400\" src=\"https:\/\/alternatives-co.com\/wp-content\/uploads\/2025\/07\/charlesdeluvio-rRWiVQzLm7k-unsplash-550x400.jpg\" class=\"attachment-medium-thumb size-medium-thumb wp-image-7620\" alt=\"\" \/>\t\t\t\t\t\t\t\t\t\t\t\t\t\t\t<\/div>\n\t\t\t\t<div class=\"elementor-element elementor-element-4c4f7b3 syd-sticky-section-no elementor-widget elementor-widget-text-editor\" data-id=\"4c4f7b3\" data-element_type=\"widget\" data-e-type=\"widget\" data-widget_type=\"text-editor.default\">\n\t\t\t\t\t\t\t\t\t<p data-start=\"1132\" data-end=\"1492\">C\u2019est dans la <strong data-start=\"1151\" data-end=\"1199\">restitution avec le dirigeant<\/strong> que notre approche prend tout son sens.<\/p><p data-start=\"1132\" data-end=\"1492\">D\u00e9livr\u00e9e dans une posture externe et libre, cette restitution offre un espace de parole sinc\u00e8re, sans filtre ni complaisance. Elle permet de mettre \u00e0 plat les tensions, d\u2019objectiver les fragilit\u00e9s comme les forces, et de faire \u00e9merger les <strong>vrais enjeux<\/strong>.<\/p><p data-start=\"1494\" data-end=\"1751\">Chaque diagnostic d\u00e9bouche sur des <b>livrables<\/b> concrets et directement exploitables : plan d\u2019action prioris\u00e9, Business Model Canvas, feuille de route strat\u00e9gique\u2026 Autant de supports pour d\u00e9cider vite, aligner les \u00e9quipes et initier les transformations utiles.<\/p>\t\t\t\t\t\t\t\t<\/div>\n\t\t\t\t\t<\/div>\n\t\t\t\t<\/div>\n\t\t<div class=\"elementor-element elementor-element-2884a16 e-flex e-con-boxed syd-sticky-section-no e-con e-parent\" data-id=\"2884a16\" data-element_type=\"container\" data-e-type=\"container\">\n\t\t\t\t\t<div class=\"e-con-inner\">\n\t\t\t\t<div class=\"elementor-element elementor-element-1221338 syd-sticky-section-no elementor-widget elementor-widget-spacer\" data-id=\"1221338\" data-element_type=\"widget\" data-e-type=\"widget\" data-widget_type=\"spacer.default\">\n\t\t\t\t\t\t\t<div class=\"elementor-spacer\">\n\t\t\t<div class=\"elementor-spacer-inner\"><\/div>\n\t\t<\/div>\n\t\t\t\t\t\t<\/div>\n\t\t\t\t\t<\/div>\n\t\t\t\t<\/div>\n\t\t<div class=\"elementor-element elementor-element-34406a8 e-flex e-con-boxed syd-sticky-section-no e-con e-parent\" data-id=\"34406a8\" data-element_type=\"container\" data-e-type=\"container\">\n\t\t\t\t\t<div class=\"e-con-inner\">\n\t\t\t\t<div class=\"elementor-element elementor-element-2b535f6 syd-sticky-section-no elementor-widget elementor-widget-heading\" data-id=\"2b535f6\" data-element_type=\"widget\" data-e-type=\"widget\" data-widget_type=\"heading.default\">\n\t\t\t\t\t<h3 class=\"elementor-heading-title elementor-size-default\">Partager votre situation ?<\/h3>\t\t\t\t<\/div>\n\t\t\t\t<div class=\"elementor-element elementor-element-cff259d syd-sticky-section-no elementor-widget elementor-widget-wpforms\" data-id=\"cff259d\" data-element_type=\"widget\" data-e-type=\"widget\" data-widget_type=\"wpforms.default\">\n\t\t\t\t<div class=\"elementor-widget-container\">\n\t\t\t\t\t<style id=\"wpforms-css-vars-elementor-widget-cff259d\">\n\t\t\t\t.elementor-widget-wpforms.elementor-element-cff259d {\n\t\t\t\t--wpforms-button-border-radius: 5px;\n--wpforms-button-background-color: #73C0FE;\n\t\t\t}\n\t\t\t<\/style><div class=\"wpforms-container wpforms-container-full wpforms-render-modern\" id=\"wpforms-7359\"><form id=\"wpforms-form-7359\" class=\"wpforms-validate wpforms-form wpforms-ajax-form\" data-formid=\"7359\" method=\"post\" enctype=\"multipart\/form-data\" action=\"\/index.php\/wp-json\/wp\/v2\/pages\/7553\" data-token=\"e161a8b4eef52be89bf52215a884f42a\" data-token-time=\"1777465382\"><div class=\"wpforms-head-container\"><\/div><noscript class=\"wpforms-error-noscript\">Veuillez activer JavaScript dans votre navigateur pour remplir ce formulaire.<\/noscript><div id=\"wpforms-error-noscript\" style=\"display: none;\">Veuillez activer JavaScript dans votre navigateur pour remplir ce formulaire.<\/div><div class=\"wpforms-field-container\"><div id=\"wpforms-7359-field_0-container\" class=\"wpforms-field wpforms-field-name\" data-field-id=\"0\"><fieldset><legend class=\"wpforms-field-label\">Qui \u00eates-vous ? <span class=\"wpforms-required-label\" aria-hidden=\"true\">*<\/span><\/legend><div class=\"wpforms-field-row wpforms-field-large\"><div class=\"wpforms-field-row-block wpforms-first wpforms-one-half\"><input type=\"text\" id=\"wpforms-7359-field_0\" class=\"wpforms-field-name-first wpforms-field-required\" name=\"wpforms[fields][0][first]\" aria-errormessage=\"wpforms-7359-field_0-error\" required><label for=\"wpforms-7359-field_0\" class=\"wpforms-field-sublabel after\">Pr\u00e9nom<\/label><\/div><div class=\"wpforms-field-row-block wpforms-one-half\"><input type=\"text\" id=\"wpforms-7359-field_0-last\" class=\"wpforms-field-name-last wpforms-field-required\" name=\"wpforms[fields][0][last]\" aria-errormessage=\"wpforms-7359-field_0-last-error\" required><label for=\"wpforms-7359-field_0-last\" class=\"wpforms-field-sublabel after\">Nom<\/label><\/div><\/div><\/fieldset><\/div>\t\t<div id=\"wpforms-7359-field_5-container\"\n\t\t\tclass=\"wpforms-field wpforms-field-text\"\n\t\t\tdata-field-type=\"text\"\n\t\t\tdata-field-id=\"5\"\n\t\t\t>\n\t\t\t<label class=\"wpforms-field-label\" for=\"wpforms-7359-field_5\" >objectifs nous sur<\/label>\n\t\t\t<input type=\"text\" id=\"wpforms-7359-field_5\" class=\"wpforms-field-medium\" name=\"wpforms[fields][5]\" >\n\t\t<\/div>\n\t\t<div id=\"wpforms-7359-field_1-container\" class=\"wpforms-field wpforms-field-email\" data-field-id=\"1\"><label class=\"wpforms-field-label\" for=\"wpforms-7359-field_1\">Email <span class=\"wpforms-required-label\" aria-hidden=\"true\">*<\/span><\/label><input type=\"email\" id=\"wpforms-7359-field_1\" class=\"wpforms-field-large wpforms-field-required\" name=\"wpforms[fields][1]\" spellcheck=\"false\" aria-errormessage=\"wpforms-7359-field_1-error\" required><\/div><div id=\"wpforms-7359-field_4-container\" class=\"wpforms-field wpforms-field-text\" data-field-id=\"4\"><label class=\"wpforms-field-label\" for=\"wpforms-7359-field_4\">Nom de l&#039;entreprise <\/label><input type=\"text\" id=\"wpforms-7359-field_4\" class=\"wpforms-field-large\" name=\"wpforms[fields][4]\" aria-errormessage=\"wpforms-7359-field_4-error\" ><\/div><div id=\"wpforms-7359-field_8-container\" class=\"wpforms-field wpforms-field-select wpforms-field-select-style-modern\" data-field-id=\"8\"><label class=\"wpforms-field-label\" for=\"wpforms-7359-field_8\">Dites nous en un peu plus sur vos objectifs ? <span class=\"wpforms-required-label\" aria-hidden=\"true\">*<\/span><\/label><select id=\"wpforms-7359-field_8\" class=\"wpforms-field-large wpforms-field-required choicesjs-select\" data-size-class=\"wpforms-field-row wpforms-field-large\" data-search-enabled=\"1\" name=\"wpforms[fields][8][]\" required=\"required\" multiple=\"multiple\"><option value=\"\" class=\"placeholder\" disabled >--- S\u00e9lectionner un choix ---<\/option><option value=\"R\u00e9soudre une probl\u00e8me\"  class=\"choice-9 depth-1\"  >R\u00e9soudre une probl\u00e8me<\/option><option value=\"Structurer pour faire face \u00e0 la croissance\"  class=\"choice-2 depth-1\"  >Structurer pour faire face \u00e0 la croissance<\/option><option value=\"Organiser pour transmettre\"  class=\"choice-7 depth-1\"  >Organiser pour transmettre<\/option><option value=\"Augmenter la productivit\u00e9\"  class=\"choice-1 depth-1\"  >Augmenter la productivit\u00e9<\/option><option value=\"Am\u00e9liorer la qualit\u00e9 et\/ou les d\u00e9lais\"  class=\"choice-3 depth-1\"  >Am\u00e9liorer la qualit\u00e9 et\/ou les d\u00e9lais<\/option><option value=\"Am\u00e9liorer la rentabilit\u00e9\"  class=\"choice-4 depth-1\"  >Am\u00e9liorer la rentabilit\u00e9<\/option><option value=\"Digitaliser mon entreprise et abandonner Excel\"  class=\"choice-8 depth-1\"  >Digitaliser mon entreprise et abandonner Excel<\/option><option value=\"R\u00e9duire les risques\"  class=\"choice-5 depth-1\"  >R\u00e9duire les risques<\/option><option value=\"Je ne sais pas le formaliser\"  class=\"choice-10 depth-1\"  >Je ne sais pas le formaliser<\/option><option value=\"Un objectif secret \u00e0 discuter ensemble\"  class=\"choice-6 depth-1\"  >Un objectif secret \u00e0 discuter ensemble<\/option><\/select><\/div><div id=\"wpforms-7359-field_2-container\" class=\"wpforms-field wpforms-field-textarea\" data-field-id=\"2\"><label class=\"wpforms-field-label\" for=\"wpforms-7359-field_2\">Question ou commentaire <span class=\"wpforms-required-label\" aria-hidden=\"true\">*<\/span><\/label><textarea id=\"wpforms-7359-field_2\" class=\"wpforms-field-medium wpforms-field-required\" name=\"wpforms[fields][2]\" aria-errormessage=\"wpforms-7359-field_2-error\" required><\/textarea><\/div><div id=\"wpforms-7359-field_3-container\" class=\"wpforms-field wpforms-field-gdpr-checkbox\" data-field-id=\"3\"><label class=\"wpforms-field-label\">Accord RGPD <span class=\"wpforms-required-label\" aria-hidden=\"true\">*<\/span><\/label><ul id=\"wpforms-7359-field_3\" class=\"wpforms-field-required\"><li class=\"choice-1\"><input type=\"checkbox\" id=\"wpforms-7359-field_3_1\" name=\"wpforms[fields][3][]\" value=\"Je consens \u00e0 ce que ce site stocke mes informations envoy\u00e9es afin qu\u2019ils puissent r\u00e9pondre \u00e0 ma requ\u00eate.\" aria-errormessage=\"wpforms-7359-field_3_1-error\" required ><label class=\"wpforms-field-label-inline\" for=\"wpforms-7359-field_3_1\">Je consens \u00e0 ce que ce site stocke mes informations envoy\u00e9es afin qu\u2019ils puissent r\u00e9pondre \u00e0 ma requ\u00eate.<\/label><\/li><\/ul><\/div><script>\n\t\t\t\t( function() {\n\t\t\t\t\tconst style = document.createElement( 'style' );\n\t\t\t\t\tstyle.appendChild( document.createTextNode( '#wpforms-7359-field_5-container { position: absolute !important; overflow: hidden !important; display: inline !important; height: 1px !important; width: 1px !important; z-index: -1000 !important; padding: 0 !important; } #wpforms-7359-field_5-container input { visibility: hidden; } #wpforms-conversational-form-page #wpforms-7359-field_5-container label { counter-increment: none; }' ) );\n\t\t\t\t\tdocument.head.appendChild( style );\n\t\t\t\t\tdocument.currentScript?.remove();\n\t\t\t\t} )();\n\t\t\t<\/script><\/div><!-- .wpforms-field-container --><div class=\"wpforms-submit-container\" ><input type=\"hidden\" name=\"wpforms[id]\" value=\"7359\"><input type=\"hidden\" name=\"page_title\" value=\"\"><input type=\"hidden\" name=\"page_url\" value=\"https:\/\/alternatives-co.com\/index.php\/wp-json\/wp\/v2\/pages\/7553\"><input type=\"hidden\" name=\"url_referer\" value=\"\"><button type=\"submit\" name=\"wpforms[submit]\" id=\"wpforms-submit-7359\" class=\"wpforms-submit\" data-alt-text=\"Sending...\" data-submit-text=\"Soumettre\" aria-live=\"assertive\" value=\"wpforms-submit\">Soumettre<\/button><img decoding=\"async\" src=\"https:\/\/alternatives-co.com\/wp-content\/plugins\/wpforms-lite\/assets\/images\/submit-spin.svg\" class=\"wpforms-submit-spinner\" style=\"display: none;\" width=\"26\" height=\"26\" alt=\"Chargement en cours\"><\/div><\/form><\/div>  <!-- .wpforms-container -->\t\t\t\t<\/div>\n\t\t\t\t<\/div>\n\t\t\t\t\t<\/div>\n\t\t\t\t<\/div>\n\t\t\t\t<\/div>\n\t\t","protected":false},"excerpt":{"rendered":"<p>Eclairer la situation pour d\u00e9cider avec lucidit\u00e9\u200b\u200b Pour solutionner un probl\u00e8me, engager une transformation, structurer une organisation ou pr\u00e9parer une transmission, avant [&hellip;]<\/p>\n","protected":false},"author":2,"featured_media":0,"parent":0,"menu_order":0,"comment_status":"closed","ping_status":"closed","template":"","meta":{"footnotes":""},"class_list":["post-7553","page","type-page","status-publish","hentry"],"_links":{"self":[{"href":"https:\/\/alternatives-co.com\/index.php\/wp-json\/wp\/v2\/pages\/7553","targetHints":{"allow":["GET"]}}],"collection":[{"href":"https:\/\/alternatives-co.com\/index.php\/wp-json\/wp\/v2\/pages"}],"about":[{"href":"https:\/\/alternatives-co.com\/index.php\/wp-json\/wp\/v2\/types\/page"}],"author":[{"embeddable":true,"href":"https:\/\/alternatives-co.com\/index.php\/wp-json\/wp\/v2\/users\/2"}],"replies":[{"embeddable":true,"href":"https:\/\/alternatives-co.com\/index.php\/wp-json\/wp\/v2\/comments?post=7553"}],"version-history":[{"count":94,"href":"https:\/\/alternatives-co.com\/index.php\/wp-json\/wp\/v2\/pages\/7553\/revisions"}],"predecessor-version":[{"id":8120,"href":"https:\/\/alternatives-co.com\/index.php\/wp-json\/wp\/v2\/pages\/7553\/revisions\/8120"}],"wp:attachment":[{"href":"https:\/\/alternatives-co.com\/index.php\/wp-json\/wp\/v2\/media?parent=7553"}],"curies":[{"name":"wp","href":"https:\/\/api.w.org\/{rel}","templated":true}]}}