{"id":7537,"date":"2025-07-09T16:42:23","date_gmt":"2025-07-09T14:42:23","guid":{"rendered":"https:\/\/alternatives-co.com\/?page_id=7537"},"modified":"2025-07-24T08:40:45","modified_gmt":"2025-07-24T06:40:45","slug":"transmettre","status":"publish","type":"page","link":"https:\/\/alternatives-co.com\/index.php\/transmettre\/","title":{"rendered":"Transmettre"},"content":{"rendered":"\t\t<div data-elementor-type=\"wp-page\" data-elementor-id=\"7537\" class=\"elementor elementor-7537\">\n\t\t\t\t<div class=\"elementor-element elementor-element-258e49c e-flex e-con-boxed syd-sticky-section-no e-con e-parent\" data-id=\"258e49c\" data-element_type=\"container\" data-e-type=\"container\">\n\t\t\t\t\t<div class=\"e-con-inner\">\n\t\t\t\t<div class=\"elementor-element elementor-element-29ac43d syd-sticky-section-no elementor-widget elementor-widget-heading\" data-id=\"29ac43d\" data-element_type=\"widget\" data-e-type=\"widget\" data-widget_type=\"heading.default\">\n\t\t\t\t\t<h2 class=\"elementor-heading-title elementor-size-default\"><span style=\"font-size: 42px\">S\u00e9curiser la sortie et r\u00e9ussir la passation<\/span><\/h2>\t\t\t\t<\/div>\n\t\t\t\t<div class=\"elementor-element elementor-element-6d01e02 syd-sticky-section-no elementor-widget elementor-widget-text-editor\" data-id=\"6d01e02\" data-element_type=\"widget\" data-e-type=\"widget\" data-widget_type=\"text-editor.default\">\n\t\t\t\t\t\t\t\t\t<p>Transmettre son entreprise, c\u2019est bien plus que c\u00e9der un actif : c\u2019est organiser la continuit\u00e9, pr\u00e9server une dynamique et pr\u00e9parer l\u2019avenir.<br>Nous accompagnons les dirigeants dans cette phase strat\u00e9gique en mode projet, selon deux axes compl\u00e9mentaires : <strong>la pr\u00e9paration<\/strong> et <strong>l\u2019int\u00e9gration.<\/strong><\/p>\t\t\t\t\t\t\t\t<\/div>\n\t\t\t\t\t<\/div>\n\t\t\t\t<\/div>\n\t\t<div class=\"elementor-element elementor-element-83e1677 e-flex e-con-boxed syd-sticky-section-no e-con e-parent\" data-id=\"83e1677\" data-element_type=\"container\" data-e-type=\"container\">\n\t\t\t\t\t<div class=\"e-con-inner\">\n\t\t\t\t<div class=\"elementor-element elementor-element-12f2c29 syd-sticky-section-no elementor-widget elementor-widget-spacer\" data-id=\"12f2c29\" data-element_type=\"widget\" data-e-type=\"widget\" data-widget_type=\"spacer.default\">\n\t\t\t\t\t\t\t<div class=\"elementor-spacer\">\n\t\t\t<div class=\"elementor-spacer-inner\"><\/div>\n\t\t<\/div>\n\t\t\t\t\t\t<\/div>\n\t\t\t\t\t<\/div>\n\t\t\t\t<\/div>\n\t\t<div class=\"elementor-element elementor-element-f584d68 e-flex e-con-boxed syd-sticky-section-no e-con e-parent\" data-id=\"f584d68\" data-element_type=\"container\" data-e-type=\"container\">\n\t\t\t\t\t<div class=\"e-con-inner\">\n\t\t<div class=\"elementor-element elementor-element-30333cc e-grid e-con-full syd-sticky-section-no e-con e-child\" data-id=\"30333cc\" data-element_type=\"container\" data-e-type=\"container\">\n\t\t\t\t<div class=\"elementor-element elementor-element-d995feb syd-sticky-section-no elementor-widget elementor-widget-text-editor\" data-id=\"d995feb\" data-element_type=\"widget\" data-e-type=\"widget\" data-widget_type=\"text-editor.default\">\n\t\t\t\t\t\t\t\t\t<p data-start=\"770\" data-end=\"952\"><strong data-start=\"770\" data-end=\"834\">Pr\u00e9parer la transmission : anticiper, structurer, piloter<\/strong><br data-start=\"834\" data-end=\"837\" \/>L\u2019objectif : permettre au dirigeant de sortir dans de bonnes conditions \u2014 \u00e9conomiques, humaines et op\u00e9rationnelles.<\/p><p data-start=\"954\" data-end=\"1328\">Nous d\u00e9ployons une d\u00e9marche rigoureuse et s\u00e9curis\u00e9e, avec :<br data-start=\"1013\" data-end=\"1016\" \/>\u2013 la <strong data-start=\"1021\" data-end=\"1089\">constitution d\u2019un m\u00e9morandum de pr\u00e9sentation clair et valorisant<\/strong>,<br data-start=\"1090\" data-end=\"1093\" \/>\u2013 la <strong data-start=\"1098\" data-end=\"1140\">mise en place d\u2019une dataroom s\u00e9curis\u00e9e<\/strong>,<br data-start=\"1141\" data-end=\"1144\" \/>\u2013 l\u2019<strong data-start=\"1148\" data-end=\"1175\">analyse de valorisation<\/strong>,<br data-start=\"1176\" data-end=\"1179\" \/>\u2013 la <strong data-start=\"1184\" data-end=\"1233\">recherche de cibles ou repreneurs compatibles<\/strong>,<br data-start=\"1234\" data-end=\"1237\" \/>\u2013 et l\u2019<strong data-start=\"1244\" data-end=\"1295\" data-is-only-node=\"\">accompagnement du dirigeant dans la n\u00e9gociation<\/strong> et le <strong data-start=\"1302\" data-end=\"1327\">pilotage du processus<\/strong>.<\/p><p data-start=\"1330\" data-end=\"1456\">Tout est conduit en <strong data-start=\"1350\" data-end=\"1365\">mode projet<\/strong>, avec des livrables, des jalons et une gouvernance adapt\u00e9e \u00e0 la temporalit\u00e9 de la cession.<\/p>\t\t\t\t\t\t\t\t<\/div>\n\t\t\t\t<div class=\"elementor-element elementor-element-6a297fb syd-sticky-section-no elementor-widget elementor-widget-image\" data-id=\"6a297fb\" data-element_type=\"widget\" data-e-type=\"widget\" data-widget_type=\"image.default\">\n\t\t\t\t\t\t\t\t\t\t\t\t\t\t\t<img fetchpriority=\"high\" decoding=\"async\" width=\"550\" height=\"400\" src=\"https:\/\/alternatives-co.com\/wp-content\/uploads\/2025\/07\/seo-galaxy-sMbsdnfe1Mg-unsplash-550x400.jpg\" class=\"attachment-medium-thumb size-medium-thumb wp-image-8040\" alt=\"\" \/>\t\t\t\t\t\t\t\t\t\t\t\t\t\t\t<\/div>\n\t\t\t\t<\/div>\n\t\t\t\t\t<\/div>\n\t\t\t\t<\/div>\n\t\t<div class=\"elementor-element elementor-element-ecdf97c e-flex e-con-boxed syd-sticky-section-no e-con e-parent\" data-id=\"ecdf97c\" data-element_type=\"container\" data-e-type=\"container\">\n\t\t\t\t\t<div class=\"e-con-inner\">\n\t\t\t\t<div class=\"elementor-element elementor-element-6356512 syd-sticky-section-no elementor-widget elementor-widget-spacer\" data-id=\"6356512\" data-element_type=\"widget\" data-e-type=\"widget\" data-widget_type=\"spacer.default\">\n\t\t\t\t\t\t\t<div class=\"elementor-spacer\">\n\t\t\t<div class=\"elementor-spacer-inner\"><\/div>\n\t\t<\/div>\n\t\t\t\t\t\t<\/div>\n\t\t\t\t\t<\/div>\n\t\t\t\t<\/div>\n\t\t<div class=\"elementor-element elementor-element-9aa600b e-grid e-con-boxed syd-sticky-section-no e-con e-parent\" data-id=\"9aa600b\" data-element_type=\"container\" data-e-type=\"container\">\n\t\t\t\t\t<div class=\"e-con-inner\">\n\t\t\t\t<div class=\"elementor-element elementor-element-47a6143 syd-sticky-section-no elementor-widget elementor-widget-image\" data-id=\"47a6143\" data-element_type=\"widget\" data-e-type=\"widget\" data-widget_type=\"image.default\">\n\t\t\t\t\t\t\t\t\t\t\t\t\t\t\t<img decoding=\"async\" width=\"1024\" height=\"768\" src=\"https:\/\/alternatives-co.com\/wp-content\/uploads\/2025\/07\/austin-distel-wD1LRb9OeEo-unsplash-1024x768.jpg\" class=\"attachment-large size-large wp-image-8041\" alt=\"\" srcset=\"https:\/\/alternatives-co.com\/wp-content\/uploads\/2025\/07\/austin-distel-wD1LRb9OeEo-unsplash-1024x768.jpg 1024w, https:\/\/alternatives-co.com\/wp-content\/uploads\/2025\/07\/austin-distel-wD1LRb9OeEo-unsplash-300x225.jpg 300w, https:\/\/alternatives-co.com\/wp-content\/uploads\/2025\/07\/austin-distel-wD1LRb9OeEo-unsplash-768x576.jpg 768w, https:\/\/alternatives-co.com\/wp-content\/uploads\/2025\/07\/austin-distel-wD1LRb9OeEo-unsplash-1536x1152.jpg 1536w, https:\/\/alternatives-co.com\/wp-content\/uploads\/2025\/07\/austin-distel-wD1LRb9OeEo-unsplash-2048x1536.jpg 2048w, https:\/\/alternatives-co.com\/wp-content\/uploads\/2025\/07\/austin-distel-wD1LRb9OeEo-unsplash-1000x750.jpg 1000w, https:\/\/alternatives-co.com\/wp-content\/uploads\/2025\/07\/austin-distel-wD1LRb9OeEo-unsplash-230x172.jpg 230w, https:\/\/alternatives-co.com\/wp-content\/uploads\/2025\/07\/austin-distel-wD1LRb9OeEo-unsplash-350x262.jpg 350w, https:\/\/alternatives-co.com\/wp-content\/uploads\/2025\/07\/austin-distel-wD1LRb9OeEo-unsplash-480x360.jpg 480w\" sizes=\"(max-width: 1024px) 100vw, 1024px\" \/>\t\t\t\t\t\t\t\t\t\t\t\t\t\t\t<\/div>\n\t\t\t\t<div class=\"elementor-element elementor-element-ba098d8 syd-sticky-section-no elementor-widget elementor-widget-text-editor\" data-id=\"ba098d8\" data-element_type=\"widget\" data-e-type=\"widget\" data-widget_type=\"text-editor.default\">\n\t\t\t\t\t\t\t\t\t<p data-start=\"1458\" data-end=\"1674\"><strong data-start=\"1458\" data-end=\"1531\">R\u00e9ussir l\u2019int\u00e9gration : co-construire la suite avec les repreneurs<\/strong><br data-start=\"1531\" data-end=\"1534\" \/>Parce qu\u2019une transmission r\u00e9ussie ne s\u2019arr\u00eate pas \u00e0 la signature, nous accompagnons la <strong data-start=\"1621\" data-end=\"1644\">phase d\u2019int\u00e9gration<\/strong> pour s\u00e9curiser la transition.<\/p><p data-start=\"1676\" data-end=\"1909\">Nous travaillons avec les repreneurs \u00e0 :<br data-start=\"1716\" data-end=\"1719\" \/>\u2013 <strong data-start=\"1721\" data-end=\"1744\">aligner les visions et les syst\u00e8mes,<\/strong><br data-start=\"1745\" data-end=\"1748\" \/>\u2013 <strong data-start=\"1750\" data-end=\"1781\">transf\u00e9rer les savoirs cl\u00e9s<\/strong>,<br data-start=\"1782\" data-end=\"1785\" \/>\u2013 <strong data-start=\"1787\" data-end=\"1832\">installer des rituels de pilotage communs<\/strong>,<br data-start=\"1833\" data-end=\"1836\" \/>\u2013 et <strong data-start=\"1841\" data-end=\"1878\">minimiser les zones d\u2019incertitude<\/strong> qui freinent la prise en main.<\/p>\t\t\t\t\t\t\t\t<\/div>\n\t\t\t\t\t<\/div>\n\t\t\t\t<\/div>\n\t\t<div class=\"elementor-element elementor-element-1c3b66f e-grid e-con-boxed syd-sticky-section-no e-con e-parent\" data-id=\"1c3b66f\" data-element_type=\"container\" data-e-type=\"container\">\n\t\t\t\t\t<div class=\"e-con-inner\">\n\t\t\t\t<div class=\"elementor-element elementor-element-1936a74 syd-sticky-section-no elementor-widget elementor-widget-text-editor\" data-id=\"1936a74\" data-element_type=\"widget\" data-e-type=\"widget\" data-widget_type=\"text-editor.default\">\n\t\t\t\t\t\t\t\t\t<p>Notre posture de tiers facilitateur, au service des deux parties, permet une <strong data-start=\"1988\" data-end=\"2009\">transition fluide<\/strong>, respectueuse de l\u2019existant et tourn\u00e9e vers l\u2019avenir.<\/p>\t\t\t\t\t\t\t\t<\/div>\n\t\t\t\t\t<\/div>\n\t\t\t\t<\/div>\n\t\t<div class=\"elementor-element elementor-element-1bc9fe2 e-flex e-con-boxed syd-sticky-section-no e-con e-parent\" data-id=\"1bc9fe2\" data-element_type=\"container\" data-e-type=\"container\">\n\t\t\t\t\t<div class=\"e-con-inner\">\n\t\t\t\t<div class=\"elementor-element elementor-element-4e803ef syd-sticky-section-no elementor-widget elementor-widget-heading\" data-id=\"4e803ef\" data-element_type=\"widget\" data-e-type=\"widget\" data-widget_type=\"heading.default\">\n\t\t\t\t\t<h3 class=\"elementor-heading-title elementor-size-default\">Optimiser la transmission ?<\/h3>\t\t\t\t<\/div>\n\t\t\t\t<div class=\"elementor-element elementor-element-ff88e89 syd-sticky-section-no elementor-widget elementor-widget-wpforms\" data-id=\"ff88e89\" data-element_type=\"widget\" data-e-type=\"widget\" data-widget_type=\"wpforms.default\">\n\t\t\t\t<div class=\"elementor-widget-container\">\n\t\t\t\t\t<div class=\"wpforms-container wpforms-container-full wpforms-render-modern\" id=\"wpforms-7359\"><form id=\"wpforms-form-7359\" class=\"wpforms-validate wpforms-form wpforms-ajax-form\" data-formid=\"7359\" method=\"post\" enctype=\"multipart\/form-data\" action=\"\/index.php\/wp-json\/wp\/v2\/pages\/7537\" data-token=\"e161a8b4eef52be89bf52215a884f42a\" data-token-time=\"1777465848\"><noscript class=\"wpforms-error-noscript\">Veuillez activer JavaScript dans votre navigateur pour remplir ce formulaire.<\/noscript><div id=\"wpforms-error-noscript\" style=\"display: none;\">Veuillez activer JavaScript dans votre navigateur pour remplir ce formulaire.<\/div><div class=\"wpforms-field-container\"><div id=\"wpforms-7359-field_0-container\" class=\"wpforms-field wpforms-field-name\" data-field-id=\"0\"><fieldset><legend class=\"wpforms-field-label\">Qui \u00eates-vous ? <span class=\"wpforms-required-label\" aria-hidden=\"true\">*<\/span><\/legend><div class=\"wpforms-field-row wpforms-field-large\"><div class=\"wpforms-field-row-block wpforms-first wpforms-one-half\"><input type=\"text\" id=\"wpforms-7359-field_0\" class=\"wpforms-field-name-first wpforms-field-required\" name=\"wpforms[fields][0][first]\" aria-errormessage=\"wpforms-7359-field_0-error\" required><label for=\"wpforms-7359-field_0\" class=\"wpforms-field-sublabel after\">Pr\u00e9nom<\/label><\/div><div class=\"wpforms-field-row-block wpforms-one-half\"><input type=\"text\" id=\"wpforms-7359-field_0-last\" class=\"wpforms-field-name-last wpforms-field-required\" name=\"wpforms[fields][0][last]\" aria-errormessage=\"wpforms-7359-field_0-last-error\" required><label for=\"wpforms-7359-field_0-last\" class=\"wpforms-field-sublabel after\">Nom<\/label><\/div><\/div><\/fieldset><\/div>\t\t<div id=\"wpforms-7359-field_5-container\"\n\t\t\tclass=\"wpforms-field wpforms-field-text\"\n\t\t\tdata-field-type=\"text\"\n\t\t\tdata-field-id=\"5\"\n\t\t\t>\n\t\t\t<label class=\"wpforms-field-label\" for=\"wpforms-7359-field_5\" >? vos l&#039;entreprise<\/label>\n\t\t\t<input type=\"text\" id=\"wpforms-7359-field_5\" class=\"wpforms-field-medium\" name=\"wpforms[fields][5]\" >\n\t\t<\/div>\n\t\t<div id=\"wpforms-7359-field_1-container\" class=\"wpforms-field wpforms-field-email\" data-field-id=\"1\"><label class=\"wpforms-field-label\" for=\"wpforms-7359-field_1\">Email <span class=\"wpforms-required-label\" aria-hidden=\"true\">*<\/span><\/label><input type=\"email\" id=\"wpforms-7359-field_1\" class=\"wpforms-field-large wpforms-field-required\" name=\"wpforms[fields][1]\" spellcheck=\"false\" aria-errormessage=\"wpforms-7359-field_1-error\" required><\/div><div id=\"wpforms-7359-field_4-container\" class=\"wpforms-field wpforms-field-text\" data-field-id=\"4\"><label class=\"wpforms-field-label\" for=\"wpforms-7359-field_4\">Nom de l&#039;entreprise <\/label><input type=\"text\" id=\"wpforms-7359-field_4\" class=\"wpforms-field-large\" name=\"wpforms[fields][4]\" aria-errormessage=\"wpforms-7359-field_4-error\" ><\/div><div id=\"wpforms-7359-field_8-container\" class=\"wpforms-field wpforms-field-select wpforms-field-select-style-modern\" data-field-id=\"8\"><label class=\"wpforms-field-label\" for=\"wpforms-7359-field_8\">Dites nous en un peu plus sur vos objectifs ? <span class=\"wpforms-required-label\" aria-hidden=\"true\">*<\/span><\/label><select id=\"wpforms-7359-field_8\" class=\"wpforms-field-large wpforms-field-required choicesjs-select\" data-size-class=\"wpforms-field-row wpforms-field-large\" data-search-enabled=\"1\" name=\"wpforms[fields][8][]\" required=\"required\" multiple=\"multiple\"><option value=\"\" class=\"placeholder\" disabled >--- S\u00e9lectionner un choix ---<\/option><option value=\"R\u00e9soudre une probl\u00e8me\"  class=\"choice-9 depth-1\"  >R\u00e9soudre une probl\u00e8me<\/option><option value=\"Structurer pour faire face \u00e0 la croissance\"  class=\"choice-2 depth-1\"  >Structurer pour faire face \u00e0 la croissance<\/option><option value=\"Organiser pour transmettre\"  class=\"choice-7 depth-1\"  >Organiser pour transmettre<\/option><option value=\"Augmenter la productivit\u00e9\"  class=\"choice-1 depth-1\"  >Augmenter la productivit\u00e9<\/option><option value=\"Am\u00e9liorer la qualit\u00e9 et\/ou les d\u00e9lais\"  class=\"choice-3 depth-1\"  >Am\u00e9liorer la qualit\u00e9 et\/ou les d\u00e9lais<\/option><option value=\"Am\u00e9liorer la rentabilit\u00e9\"  class=\"choice-4 depth-1\"  >Am\u00e9liorer la rentabilit\u00e9<\/option><option value=\"Digitaliser mon entreprise et abandonner Excel\"  class=\"choice-8 depth-1\"  >Digitaliser mon entreprise et abandonner Excel<\/option><option value=\"R\u00e9duire les risques\"  class=\"choice-5 depth-1\"  >R\u00e9duire les risques<\/option><option value=\"Je ne sais pas le formaliser\"  class=\"choice-10 depth-1\"  >Je ne sais pas le formaliser<\/option><option value=\"Un objectif secret \u00e0 discuter ensemble\"  class=\"choice-6 depth-1\"  >Un objectif secret \u00e0 discuter ensemble<\/option><\/select><\/div><div id=\"wpforms-7359-field_2-container\" class=\"wpforms-field wpforms-field-textarea\" data-field-id=\"2\"><label class=\"wpforms-field-label\" for=\"wpforms-7359-field_2\">Question ou commentaire <span class=\"wpforms-required-label\" aria-hidden=\"true\">*<\/span><\/label><textarea id=\"wpforms-7359-field_2\" class=\"wpforms-field-medium wpforms-field-required\" name=\"wpforms[fields][2]\" aria-errormessage=\"wpforms-7359-field_2-error\" required><\/textarea><\/div><div id=\"wpforms-7359-field_3-container\" class=\"wpforms-field wpforms-field-gdpr-checkbox\" data-field-id=\"3\"><label class=\"wpforms-field-label\">Accord RGPD <span class=\"wpforms-required-label\" aria-hidden=\"true\">*<\/span><\/label><ul id=\"wpforms-7359-field_3\" class=\"wpforms-field-required\"><li class=\"choice-1\"><input type=\"checkbox\" id=\"wpforms-7359-field_3_1\" name=\"wpforms[fields][3][]\" value=\"Je consens \u00e0 ce que ce site stocke mes informations envoy\u00e9es afin qu\u2019ils puissent r\u00e9pondre \u00e0 ma requ\u00eate.\" aria-errormessage=\"wpforms-7359-field_3_1-error\" required ><label class=\"wpforms-field-label-inline\" for=\"wpforms-7359-field_3_1\">Je consens \u00e0 ce que ce site stocke mes informations envoy\u00e9es afin qu\u2019ils puissent r\u00e9pondre \u00e0 ma requ\u00eate.<\/label><\/li><\/ul><\/div><script>\n\t\t\t\t( function() {\n\t\t\t\t\tconst style = document.createElement( 'style' );\n\t\t\t\t\tstyle.appendChild( document.createTextNode( '#wpforms-7359-field_5-container { position: absolute !important; overflow: hidden !important; display: inline !important; height: 1px !important; width: 1px !important; z-index: -1000 !important; padding: 0 !important; } #wpforms-7359-field_5-container input { visibility: hidden; } #wpforms-conversational-form-page #wpforms-7359-field_5-container label { counter-increment: none; }' ) );\n\t\t\t\t\tdocument.head.appendChild( style );\n\t\t\t\t\tdocument.currentScript?.remove();\n\t\t\t\t} )();\n\t\t\t<\/script><\/div><!-- .wpforms-field-container --><div class=\"wpforms-submit-container\" ><input type=\"hidden\" name=\"wpforms[id]\" value=\"7359\"><input type=\"hidden\" name=\"page_title\" value=\"\"><input type=\"hidden\" name=\"page_url\" value=\"https:\/\/alternatives-co.com\/index.php\/wp-json\/wp\/v2\/pages\/7537\"><input type=\"hidden\" name=\"url_referer\" value=\"\"><button type=\"submit\" name=\"wpforms[submit]\" id=\"wpforms-submit-7359\" class=\"wpforms-submit\" data-alt-text=\"Sending...\" data-submit-text=\"Soumettre\" aria-live=\"assertive\" value=\"wpforms-submit\">Soumettre<\/button><img decoding=\"async\" src=\"https:\/\/alternatives-co.com\/wp-content\/plugins\/wpforms-lite\/assets\/images\/submit-spin.svg\" class=\"wpforms-submit-spinner\" style=\"display: none;\" width=\"26\" height=\"26\" alt=\"Chargement en cours\"><\/div><\/form><\/div>  <!-- .wpforms-container -->\t\t\t\t<\/div>\n\t\t\t\t<\/div>\n\t\t\t\t\t<\/div>\n\t\t\t\t<\/div>\n\t\t\t\t<\/div>\n\t\t","protected":false},"excerpt":{"rendered":"<p>S\u00e9curiser la sortie et r\u00e9ussir la passation Transmettre son entreprise, c\u2019est bien plus que c\u00e9der un actif : c\u2019est organiser la continuit\u00e9, [&hellip;]<\/p>\n","protected":false},"author":2,"featured_media":0,"parent":0,"menu_order":0,"comment_status":"closed","ping_status":"closed","template":"","meta":{"footnotes":""},"class_list":["post-7537","page","type-page","status-publish","hentry"],"_links":{"self":[{"href":"https:\/\/alternatives-co.com\/index.php\/wp-json\/wp\/v2\/pages\/7537","targetHints":{"allow":["GET"]}}],"collection":[{"href":"https:\/\/alternatives-co.com\/index.php\/wp-json\/wp\/v2\/pages"}],"about":[{"href":"https:\/\/alternatives-co.com\/index.php\/wp-json\/wp\/v2\/types\/page"}],"author":[{"embeddable":true,"href":"https:\/\/alternatives-co.com\/index.php\/wp-json\/wp\/v2\/users\/2"}],"replies":[{"embeddable":true,"href":"https:\/\/alternatives-co.com\/index.php\/wp-json\/wp\/v2\/comments?post=7537"}],"version-history":[{"count":41,"href":"https:\/\/alternatives-co.com\/index.php\/wp-json\/wp\/v2\/pages\/7537\/revisions"}],"predecessor-version":[{"id":8228,"href":"https:\/\/alternatives-co.com\/index.php\/wp-json\/wp\/v2\/pages\/7537\/revisions\/8228"}],"wp:attachment":[{"href":"https:\/\/alternatives-co.com\/index.php\/wp-json\/wp\/v2\/media?parent=7537"}],"curies":[{"name":"wp","href":"https:\/\/api.w.org\/{rel}","templated":true}]}}